{"id":15831,"date":"2025-03-06T09:12:09","date_gmt":"2025-03-06T02:12:09","guid":{"rendered":"https:\/\/demo.hieudanducngan.com\/?page_id=15831"},"modified":"2025-05-29T15:11:02","modified_gmt":"2025-05-29T08:11:02","slug":"gioi-thieu","status":"publish","type":"page","link":"https:\/\/hieudanducngan.com\/index.php\/gioi-thieu\/","title":{"rendered":"Gi\u1edbi thi\u1ec7u"},"content":{"rendered":"\t\t<div data-elementor-type=\"wp-page\" data-elementor-id=\"15831\" class=\"elementor elementor-15831\">\n\t\t\t\t<div class=\"wd-negative-gap elementor-element elementor-element-4b8c542c e-flex e-con-boxed e-con e-parent\" data-id=\"4b8c542c\" data-element_type=\"container\">\n\t\t\t\t\t<div class=\"e-con-inner\">\n\t\t\t\t\t<\/div>\n\t\t\t\t<\/div>\n\t\t<div class=\"wd-negative-gap elementor-element elementor-element-9740c2a e-flex e-con-boxed e-con e-parent\" data-id=\"9740c2a\" data-element_type=\"container\">\n\t\t\t\t\t<div class=\"e-con-inner\">\n\t\t<div class=\"elementor-element elementor-element-c2e739a e-con-full e-flex e-con e-child\" data-id=\"c2e739a\" data-element_type=\"container\">\n\t\t\t\t<div class=\"elementor-element elementor-element-aad9e66 elementor-widget elementor-widget-wd_text_block\" data-id=\"aad9e66\" data-element_type=\"widget\" data-widget_type=\"wd_text_block.default\">\n\t\t\t\t<div class=\"elementor-widget-container\">\n\t\t\t\t\t\t\t<div class=\"wd-text-block reset-last-child text-left\">\n\t\t\t\n\t\t\t<p><strong>HI\u1ec6U \u0110\u00c0N \u0110\u1ee8C NG\u00c2N<\/strong><\/p>\n<ul>\n<li>V\u1edbi ni\u1ec1m \u0111am m\u00ea \u00e2m nh\u1ea1c v\u00e0 t\u00ecnh y\u00eau c\u00e1c lo\u1ea1i nh\u1ea1c c\u1ee5 d\u00e2n t\u1ed9c, Hi\u1ec7u \u0111\u00e0n \u0110\u1ee8C NG\u00c2N \u0111\u01b0\u1ee3c b\u00e0 Ph\u00f9ng Th\u1ecb Ng\u1ecdc Th\u00fay th\u00e0nh l\u1eadp ng\u00e0y 18-1-1999 v\u1edbi ti\u00eau ch\u00ed mang l\u1ea1i cho kh\u00e1ch h\u00e0ng nh\u1eefng s\u1ea3n ph\u1ea9m ch\u1ea5t l\u01b0\u1ee3ng v\u00e0 gi\u00e1 tr\u1ecb cao.<\/li>\n<li>Hi\u1ec7u \u0111\u00e0n chuy\u00ean cung c\u1ea5p c\u00e1c lo\u1ea1i nh\u1ea1c c\u1ee5 d\u00e2n t\u1ed9c truy\u1ec1n th\u1ed1ng nh\u01b0: \u0111\u00e0n B\u1ea7u, Tranh, K\u00ecm (Nguy\u1ec7t), S\u1ebfn, C\u00f2, G\u00e1o, Tam th\u1eadp l\u1ee5c, Guitar, Mandonline,...<\/li>\n<li>\u0110\u01b0\u1ee3c ch\u1ebf t\u00e1c b\u1edfi c\u00e1c ngh\u1ec7 nh\u00e2n t\u00e0i ba, t\u00e2m huy\u1ebft v\u00e0 c\u00f3 tinh th\u1ea7n d\u00e2n t\u1ed9c cao. T\u1eeb d\u00f3 t\u1ea1o ra c\u00e1c s\u1ea3n ph\u1ea9m v\u1eeba \u0111\u1eb9p v\u1eeba h\u00ecnh th\u1ee9c , \u0111\u1ea3m b\u1ea3o chu\u1ea9n n\u1ed1t, d\u1ec5 s\u1eed d\u1ee5ng.<\/li>\n<li>Hi\u1ec7n nay, s\u1ea3n ph\u1ea9m c\u1ee7a \u0110\u1ee8C NG\u00c2N \u0111ang \u0111\u01b0\u1ee3c c\u00e1c th\u1ea7y c\u00f4, gi\u1ea3ng vi\u00ean, c\u00e1c ngh\u1ec7 s\u0129 chuy\u00ean nghi\u1ec7p tin d\u00f9ng v\u00e0 \u0111o\u1ea1t gi\u1ea3i cao t\u1ea1i c\u00e1c cu\u1ed9c thi, bu\u1ed5i bi\u1ec3u di\u1ec5n Qu\u1ed1c t\u1ebf.<\/li>\n<li>Ch\u00fang t\u00f4i hy v\u1ecdng s\u1ebd tr\u1edf th\u00e0nh d\u1ed1i t\u00e1c tin c\u1eady v\u00e0 l\u00e0 l\u1ef1a ch\u1ecdn h\u00e0ng \u0111\u1ea7u c\u1ee7a c\u00e1c NS, Gi\u1ea3ng vi\u00ean \u00c2m nh\u1ea1c, \u0111\u01a1n v\u1ecb t\u1ed5 ch\u1ee9c S\u1ef1 ki\u1ec7n v\u00e0 ng\u01b0\u1eddi y\u00eau nh\u1ea1c c\u1ee5 d\u00e2n t\u1ed9c tr\u00ean to\u00e0n qu\u1ed1c.<\/li>\n<li>B\u00ean c\u1ea1nh \u0111\u00f3, ch\u00fang t\u00f4i c\u00f3 m\u1ed9t \u01af\u1edbc m\u01a1 \u0111\u00f3 l\u00e0 \u201c T\u1ea5t c\u1ea3 ng\u01b0\u1eddi d\u00e2n Vi\u1ec7t Nam ai n\u1ea5y c\u0169ng \u0111\u1ec1u c\u00f3 c\u01a1 h\u1ed9i s\u1edf h\u1eefu cho m\u00ecnh m\u1ed9t m\u00f3n nh\u1ea1c c\u1ee5 y\u00eau th\u00edch.\u201d. V\u00ec v\u1eady, b\u1ed5 hi\u1ec7u lu\u00f4n t\u00ecm c\u00e1ch c\u1ea3i thi\u1ec7n, ph\u00e1t tri\u1ec3n c\u00e1c lo\u1ea1i nh\u1ea1c c\u1ee5 \u0111\u1ec3 c\u00f3 gi\u00e1 th\u00e0nh t\u1ed1t, tr\u1ea3i nghi\u1ec7m tuy\u1ec7t v\u1eddi cho ng\u01b0\u1eddi m\u1ed9 \u0111i\u1ec7u.<\/li>\n<\/ul>\n\t\t\t\t\t<\/div>\n\t\t\t\t\t\t<\/div>\n\t\t\t\t<\/div>\n\t\t\t\t<\/div>\n\t\t<div class=\"elementor-element elementor-element-d016eef e-con-full e-flex e-con e-child\" data-id=\"d016eef\" data-element_type=\"container\">\n\t\t\t\t<\/div>\n\t\t<div class=\"elementor-element elementor-element-36e2d37 e-con-full e-flex e-con e-child\" data-id=\"36e2d37\" data-element_type=\"container\">\n\t\t\t\t<div class=\"elementor-element elementor-element-581fd44 elementor-widget elementor-widget-image\" data-id=\"581fd44\" data-element_type=\"widget\" data-widget_type=\"image.default\">\n\t\t\t\t<div class=\"elementor-widget-container\">\n\t\t\t\t\t\t\t\t\t\t\t\t\t\t\t<img fetchpriority=\"high\" decoding=\"async\" width=\"600\" height=\"600\" src=\"https:\/\/hieudanducngan.com\/wp-content\/uploads\/2025\/05\/nhaccudantoc10.jpg\" class=\"attachment-full size-full wp-image-15906\" alt=\"\" srcset=\"https:\/\/hieudanducngan.com\/wp-content\/uploads\/2025\/05\/nhaccudantoc10.jpg 600w, https:\/\/hieudanducngan.com\/wp-content\/uploads\/2025\/05\/nhaccudantoc10-300x300.jpg 300w, https:\/\/hieudanducngan.com\/wp-content\/uploads\/2025\/05\/nhaccudantoc10-150x150.jpg 150w, https:\/\/hieudanducngan.com\/wp-content\/uploads\/2025\/05\/nhaccudantoc10-430x430.jpg 430w\" sizes=\"(max-width: 600px) 100vw, 600px\" \/>\t\t\t\t\t\t\t\t\t\t\t\t\t\t\t<\/div>\n\t\t\t\t<\/div>\n\t\t\t\t<\/div>\n\t\t\t\t\t<\/div>\n\t\t\t\t<\/div>\n\t\t<div class=\"wd-negative-gap elementor-element elementor-element-878ec2c e-flex e-con-boxed e-con e-parent\" data-id=\"878ec2c\" data-element_type=\"container\">\n\t\t\t\t\t<div class=\"e-con-inner\">\n\t\t\t\t<div class=\"elementor-element elementor-element-405be49 color-scheme-inherit text-left elementor-widget elementor-widget-text-editor\" data-id=\"405be49\" data-element_type=\"widget\" data-widget_type=\"text-editor.default\">\n\t\t\t\t<div class=\"elementor-widget-container\">\n\t\t\t\t\t\t\t\t\t<p><strong>HO\u1ea0T \u0110\u1ed8NG C\u1ed8NG \u0110\u1ed2NG<\/strong><br \/>\u2022 2000<br \/>&#8211; T\u1eb7ng \u0111\u00e0n cho h\u1ed9i \u0111\u00e0n ca t\u00e0i t\u1eed \u1ea4p 4, Xu\u00e2n Th\u1edbi S\u01a1n, H\u00f3c M\u00f4n. &#8211; T\u1eb7ng b\u1ed9 \u0111\u00e0n 5 nh\u1ea1c c\u1ee5 \u0111\u00e0n ca t\u00e0i t\u1eed cho nh\u00e0 v\u0103n h\u00f3a thi\u1ebfu nhi huy\u1ec7n H\u00f3c M\u00f4n.<\/p>\n<p>\u2022 2003- 2005<br \/>&#8211; L\u00e0 nh\u00e0 cung c\u1ea5p guitar s\u1ed1 l\u01b0\u1ee3ng l\u1edbn cho m\u1ed9t v\u00e0i c\u00f4ng ty s\u00e1ch thi\u1ebft b\u1ecb tr\u01b0\u1eddng h\u1ecdc.<\/p>\n<p>\u2022 2016<br \/>&#8211; C\u00f3 nhi\u1ec1u \u0111\u01a1n \u0111\u1eb7t h\u00e0ng xu\u1ea5t kh\u1ea9u sang M\u1ef9 (\u0111\u1eb7c bi\u1ec7t cho \u0111o\u00e0n ngh\u1ec7 thu\u1eadt d\u00e2n t\u1ed9c VN t\u1ea1i h\u1ea3i ngo\u1ea1i).<\/p>\n<p>\u2022 2018- 2020<\/p>\n<p>T\u00c0I TR\u1ee2<br \/>&#8211; \u0110\u00e0n tranh online l\u1ea7n 1 2018, l\u1ea7n 2 2019. &#8211; Cu\u1ed9c thi nh\u1ea1c c\u1ee5 d\u00e2n t\u1ed9c t\u1ea1i Nh\u1ea1c vi\u1ec7n TPHCM 2019. &#8211; Li\u00ean hoan Em Y\u00eau \u0110\u00e0n Tranh Nh\u00e0 v\u0103n h\u00f3a lao \u0111\u1ed9ng TPHCM 2019. &#8211; T\u1eb7ng \u0111\u00e0n tranh cho nh\u00e0 v\u0103n h\u00f3a thi\u1ebfu nhi Q.Ninh Ki\u1ec1u, TP C\u1ea7n Th\u01a1 2019. &#8211; T\u1ed5 ch\u1ee9c \u0111\u00eam di\u1ec5n nh\u1ea1c c\u1ee5 d\u00e2n t\u1ed9c gi\u1edbi thi\u1ec7u Equalizer \u0111\u01b0\u1ee3c g\u1eafn v\u00e0o \u0111\u00e0n t\u1ea1i TPCHM v\u00e0 H\u00e0 N\u1ed9i 2019. &#8211; Cu\u1ed9c thi \u0111\u1ed9c t\u1ea5u &amp; h\u00f2a t\u1ea5u nh\u1ea1c c\u1ee5 d\u00e2n t\u1ed9c to\u00e0n qu\u1ed1c 2020.<\/p>\n<p>\u2022 2021<br \/>&#8211; C\u00f9ng c\u00f4 THU NGHI\u00caM (GV T\u1ef3 B\u00e0) t\u1ed5 ch\u1ee9c ch\u01b0\u01a1ng tr\u00ecnh bi\u1ec3u di\u1ec5n CUNG T\u1ef2 \u0110\u00d3N XU\u00c2N 2021.<\/p>\n<p>\u2022 2022- 2024<\/p>\n<p>T\u00c0I TR\u1ee2<br \/>&#8211; Ch\u01b0\u01a1ng tr\u00ecnh T\u00cdCH T\u1ecaCH T\u00ccNH TANG c\u1ee7a \u0110\u1ea1i h\u1ecdc FPT to\u00e0n qu\u1ed1c.<br \/>&#8211; Cu\u1ed9c thi F-sound ph\u00e2n hi\u1ec7u \u0110\u1ea1i h\u1ecdc FPT TPHCM m\u00f9a 1 &amp;2<br \/>&#8211; C\u00f9ng NS B\u1ea2O KH\u00c1NH tr\u00ecnh l\u00e0ng nh\u1ea1c c\u1ee5 c\u1ea3i ti\u1ebfn: \u0110\u00e0n tranh th\u1eadp cung, \u0111\u00e0n tranh Bass, V\u0129 tranh,.(2023)<br \/>&#8211; \u0110\u00eam nh\u1ea1c D\u00f2ng Thanh Xu\u00e2n c\u1ee7a sinh vi\u00ean Nh\u1ea1c vi\u1ec7n TPHCM 5\/2023.<br \/>&#8211; Nghi\u00ean c\u1ee9u ch\u1ebf t\u00e1c th\u00e0nh c\u00f4ng \u0111\u00e0n T\u1ef2 TR\u1ea6M (b\u1ea3n \u0111\u1ea7u ti\u00ean t\u1ea1i VN).<br \/>&#8211; Ng\u00e0y 23\/11\/2024 tham gia khai m\u1ea1c N\u00e9t Ch\u1eef \u0110\u1ed3ng T\u00e2m t\u1ea1i TTVH Qu\u1eadn 8.<br \/>&#8211; Ng\u00e0y 13\/12\/2024 trao t\u1eb7ng gi\u1ea3i th\u01b0\u1edfng cu\u1ed9c thi F- Sound \u0111h FPT tp HCM.<br \/>&#8211; Ng\u00e0y 23\/3\/2025 t\u1ed5 ch\u1ee9c kh\u00f4ng gian tr\u1ea3i nghi\u1ec7m nh\u1ea1c c\u1ee5 truy\u1ec1n th\u1ed1ng trong ch\u01b0\u01a1ng tr\u00ecnh T\u00f3c Xanh V\u1ea1c \u00c1o t\u1ea1i nh\u00e0 v\u0103n h\u00f3a Thanh Ni\u00ean <br \/>&#8211; Ng\u00e0y 29\/3\/2025 t\u1ed5 ch\u1ee9c kh\u00f4ng gian tr\u1ea3i nghi\u1ec7m nh\u1ea1c c\u1ee5 truy\u1ec1n th\u1ed1ng t\u1ea1i tr\u01b0\u1eddng Cao \u0110\u1eb3ng Vi\u1ec7t M\u1ef9<\/p>\n<p>\u2022 L\u1edcI NG\u1ece<\/p>\n<p>Cu\u1ed1i c\u00f9ng, \u0110\u1ee8C NG\u00c2N xin C\u1ea3m \u01a1n v\u00e0 Tr\u00e2n tr\u1ecdng k\u00ednh m\u1eddi qu\u00fd kh\u00e1ch \u0111\u1ebfn th\u0103m hi\u1ec7u \u0111\u00e0n. \u0110\u1ec3 c\u00f3 th\u1ec3 tr\u1ea3i nghi\u1ec7m v\u00e0 kh\u00e1m ph\u00e1 th\u1ebf gi\u1edbi \u00e2m nh\u1ea1c d\u00e2n t\u1ed9c v\u1edbi nhi\u1ec1u lo\u1ea1i nh\u1ea1c c\u1ee5 trang tr\u00ed b\u1eaft m\u1eaft, h\u00f2a c\u00f9ng \u00e2m thanh du d\u01b0\u01a1ng, say \u0111\u1eafm l\u00f2ng ng\u01b0\u1eddi.<\/p>\n<p><br \/>C\u00d4NG TY TNHH MTV TM&amp; DV HI\u1ec6U \u0110\u00c0N \u0110\u1ee8C NG\u00c2N<br \/>GI\u00c1M \u0110\u1ed0C C\u00d4NG TY<\/p>\t\t\t\t\t\t\t\t<\/div>\n\t\t\t\t<\/div>\n\t\t\t\t\t<\/div>\n\t\t\t\t<\/div>\n\t\t\t\t<\/div>\n\t\t","protected":false},"excerpt":{"rendered":"<p>HI\u1ec6U \u0110\u00c0N \u0110\u1ee8C NG\u00c2N V\u1edbi ni\u1ec1m \u0111am m\u00ea \u00e2m nh\u1ea1c v\u00e0 t\u00ecnh y\u00eau c\u00e1c lo\u1ea1i nh\u1ea1c c\u1ee5 d\u00e2n t\u1ed9c, Hi\u1ec7u<\/p>\n","protected":false},"author":1,"featured_media":0,"parent":0,"menu_order":0,"comment_status":"closed","ping_status":"closed","template":"","meta":{"footnotes":""},"class_list":["post-15831","page","type-page","status-publish","hentry"],"_links":{"self":[{"href":"https:\/\/hieudanducngan.com\/index.php\/wp-json\/wp\/v2\/pages\/15831","targetHints":{"allow":["GET"]}}],"collection":[{"href":"https:\/\/hieudanducngan.com\/index.php\/wp-json\/wp\/v2\/pages"}],"about":[{"href":"https:\/\/hieudanducngan.com\/index.php\/wp-json\/wp\/v2\/types\/page"}],"author":[{"embeddable":true,"href":"https:\/\/hieudanducngan.com\/index.php\/wp-json\/wp\/v2\/users\/1"}],"replies":[{"embeddable":true,"href":"https:\/\/hieudanducngan.com\/index.php\/wp-json\/wp\/v2\/comments?post=15831"}],"version-history":[{"count":19,"href":"https:\/\/hieudanducngan.com\/index.php\/wp-json\/wp\/v2\/pages\/15831\/revisions"}],"predecessor-version":[{"id":15982,"href":"https:\/\/hieudanducngan.com\/index.php\/wp-json\/wp\/v2\/pages\/15831\/revisions\/15982"}],"wp:attachment":[{"href":"https:\/\/hieudanducngan.com\/index.php\/wp-json\/wp\/v2\/media?parent=15831"}],"curies":[{"name":"wp","href":"https:\/\/api.w.org\/{rel}","templated":true}]}}