{"id":16044,"date":"2025-05-31T09:36:14","date_gmt":"2025-05-31T02:36:14","guid":{"rendered":"https:\/\/demo.hieudanducngan.com\/?post_type=product&#038;p=16044"},"modified":"2025-05-31T09:36:14","modified_gmt":"2025-05-31T02:36:14","slug":"ty-ba-go-do-can","status":"publish","type":"product","link":"https:\/\/hieudanducngan.com\/index.php\/product\/ty-ba-go-do-can\/","title":{"rendered":"T\u1ef3 B\u00e0 G\u00f5 \u0111\u1ecf c\u1ea9n"},"content":{"rendered":"<p>\u0110\u00e0n T\u1ef3 B\u00e0\u00a0 Vi\u1ec7t Nam g\u00f5 \u0110\u1ecf\u00a0 c\u1ea9n \u1ed0c \u0111\u1eb9p\u00a0 ,\u00a0 s\u1eed d\u1ee5ng 4 d\u00e2y nylon\u00a0 len d\u00e2y CFGC&#8217;, GCDG&#8217;,ADEA&#8217;<\/p>\n<ul>\n<li>\u0110\u00e0n T\u1ef3 B\u00e0 ng\u00e0y nay th\u00edch h\u1ee3p v\u1edbi nhi\u1ec1u d\u00f2ng\u00a0 nh\u1ea1c\u00a0 t\u1eeb nh\u1ea1c c\u1ed5\u00a0 mi\u1ec1n Nam , nh\u1ea1c Ch\u00e8o , nh\u1ea1c hi\u1ec7n \u0111\u1ea1i , h\u00f2a c\u00f9ng\u00a0 nh\u1ea1c\u00a0 c\u1ee5 Qu\u1ed1c T\u1ebf.<\/li>\n<li>Th\u00e2n \u0111\u00e0n \u0111\u01b0\u1ee3c l\u00e0m b\u1eb1ng g\u1ed7 G\u00f5 \u0110\u1ecf, m\u1eb7t \u0111\u00e0n g\u1ed7 Ng\u00f4 \u0110\u1ed3ng<br \/>\nS\u01a1n PU kh\u00f4ng m\u00e0u b\u00f3ng m\u1edd<\/li>\n<li>B\u1ea3o h\u00e0nh tr\u1ee5c ch\u1eafc d\u1ec5 l\u00ean d\u00e2y, ph\u00edm chu\u1ea9n n\u1ed1t tr\u00ean 4 d\u00e2y\u00a0 . \u0110\u00e2y l\u00e0 \u0111i\u1ec1u ki\u1ec7n c\u1ea7n thi\u1ebft cho 1 \u0111\u00e0n T\u1ef3 B\u00e0 \u0111\u1ec3 h\u1ecdc v\u00e0 ch\u01a1i chuy\u00ean nghi\u1ec7p<\/li>\n<li>Th\u00e2n \u0111\u00e0n \u0111\u01b0\u1ee3c c\u1ea9n t\u00edch Vinh Quy B\u00e1i T\u1ed5<\/li>\n<li>Ph\u1ee5 ki\u1ec7n: 1 bao \u0111\u00e0n, 1 b\u1ed9 d\u00e2y, 2 ph\u00edm kh\u1ea9y \u0111\u00e0n<\/li>\n<\/ul>\n","protected":false},"excerpt":{"rendered":"<p>\u0110\u00e0n T\u1ef3 B\u00e0\u00a0 Vi\u1ec7t Nam g\u00f5 \u0110\u1ecf\u00a0 c\u1ea9n \u1ed0c \u0111\u1eb9p\u00a0 ,\u00a0 s\u1eed d\u1ee5ng 4 d\u00e2y nylon\u00a0 len d\u00e2y CFGC&#8217;, GCDG&#8217;,ADEA&#8217;<\/p>\n","protected":false},"featured_media":16045,"comment_status":"open","ping_status":"closed","template":"","meta":[],"product_brand":[],"product_cat":[104],"product_tag":[],"class_list":{"0":"post-16044","1":"product","2":"type-product","3":"status-publish","4":"has-post-thumbnail","6":"product_cat-dan-ty-ba-viet-nam","8":"first","9":"instock","10":"shipping-taxable","11":"purchasable","12":"product-type-simple"},"_links":{"self":[{"href":"https:\/\/hieudanducngan.com\/index.php\/wp-json\/wp\/v2\/product\/16044","targetHints":{"allow":["GET"]}}],"collection":[{"href":"https:\/\/hieudanducngan.com\/index.php\/wp-json\/wp\/v2\/product"}],"about":[{"href":"https:\/\/hieudanducngan.com\/index.php\/wp-json\/wp\/v2\/types\/product"}],"replies":[{"embeddable":true,"href":"https:\/\/hieudanducngan.com\/index.php\/wp-json\/wp\/v2\/comments?post=16044"}],"version-history":[{"count":1,"href":"https:\/\/hieudanducngan.com\/index.php\/wp-json\/wp\/v2\/product\/16044\/revisions"}],"predecessor-version":[{"id":16046,"href":"https:\/\/hieudanducngan.com\/index.php\/wp-json\/wp\/v2\/product\/16044\/revisions\/16046"}],"wp:featuredmedia":[{"embeddable":true,"href":"https:\/\/hieudanducngan.com\/index.php\/wp-json\/wp\/v2\/media\/16045"}],"wp:attachment":[{"href":"https:\/\/hieudanducngan.com\/index.php\/wp-json\/wp\/v2\/media?parent=16044"}],"wp:term":[{"taxonomy":"product_brand","embeddable":true,"href":"https:\/\/hieudanducngan.com\/index.php\/wp-json\/wp\/v2\/product_brand?post=16044"},{"taxonomy":"product_cat","embeddable":true,"href":"https:\/\/hieudanducngan.com\/index.php\/wp-json\/wp\/v2\/product_cat?post=16044"},{"taxonomy":"product_tag","embeddable":true,"href":"https:\/\/hieudanducngan.com\/index.php\/wp-json\/wp\/v2\/product_tag?post=16044"}],"curies":[{"name":"wp","href":"https:\/\/api.w.org\/{rel}","templated":true}]}}