{"id":16047,"date":"2025-05-31T09:42:35","date_gmt":"2025-05-31T02:42:35","guid":{"rendered":"https:\/\/demo.hieudanducngan.com\/?post_type=product&#038;p=16047"},"modified":"2025-05-31T09:42:35","modified_gmt":"2025-05-31T02:42:35","slug":"dan-ty-ba-ve-my-thuat","status":"publish","type":"product","link":"https:\/\/hieudanducngan.com\/index.php\/product\/dan-ty-ba-ve-my-thuat\/","title":{"rendered":"\u0110\u00e0n T\u1ef3 B\u00e0 v\u1ebd M\u1ef9 thu\u1eadt"},"content":{"rendered":"<ul>\n<li>\u0110\u00e0n T\u1ef3 B\u00e0\u00a0 Vi\u1ec7t Nam\u00a0 s\u1eed d\u1ee5ng 4 d\u00e2y nylon , l\u00ean d\u00e2y CFGC&#8217;, GCDG&#8217;, ADEA&#8217;<\/li>\n<li>Th\u00edch h\u1ee3p v\u1edbi nhi\u1ec1u th\u1ec3 lo\u1ea1i nh\u1ea1c t\u1eeb nh\u1ea1c c\u1ed5 mi\u1ec1n Nam , Ch\u00e8o , ca Hu\u1ebf , nh\u1ea1c m\u1edbi , h\u00f2a c\u00f9ng nh\u1ea1c c\u1ee5 Qu\u1ed1c T\u1ebf.<\/li>\n<li>Th\u00e2n \u0111\u00e0n g\u1ed7 G\u00f5 \u0110\u1ecf , g\u1ed7 T\u00edm\u00a0 , m\u1eb7t Ng\u00f4 \u0110\u1ed3ng<\/li>\n<li>Th\u00e2n \u0111\u00e0n \u0111\u01b0\u1ee3c\u00a0 v\u1ebd m\u1ef9 thu\u1eadt<\/li>\n<li>S\u01a1n PU b\u00f3ng m\u1edd kh\u00f4ng m\u00e0u<\/li>\n<li>\u0110\u00e0n \u0111\u01b0\u1ee3c\u00a0 b\u1ea3o h\u00e0nh tr\u1ee5c ch\u1eafc d\u1ec5 l\u00ean d\u00e2y, chu\u1ea9n n\u1ed1t tr\u00ean ph\u00edm 4 d\u00e2y . \u0110\u00e2y l\u00e0 \u0111i\u1ec1u ki\u1ec7n c\u1ea7n thi\u1ebft cho 1 c\u00e2y \u0111\u00e0n T\u1ef3 B\u00e0 d\u00f9ng \u0111\u1ec3 h\u1ecdc v\u00e0 bi\u1ec3u di\u1ec5n chuy\u00ean nghi\u1ec7p<\/li>\n<li>Ph\u1ee5 ki\u1ec7n g\u1ed3m bao \u0111\u00e0n, 1 b\u1ed9 d\u00e2, 2 ph\u00edm kh\u1ea9y<\/li>\n<\/ul>\n","protected":false},"excerpt":{"rendered":"<p>\u0110\u00e0n T\u1ef3 B\u00e0\u00a0 Vi\u1ec7t Nam\u00a0 s\u1eed d\u1ee5ng 4 d\u00e2y nylon , l\u00ean d\u00e2y CFGC&#8217;, GCDG&#8217;, ADEA&#8217; Th\u00edch h\u1ee3p v\u1edbi nhi\u1ec1u<\/p>\n","protected":false},"featured_media":16048,"comment_status":"open","ping_status":"closed","template":"","meta":[],"product_brand":[],"product_cat":[104],"product_tag":[],"class_list":{"0":"post-16047","1":"product","2":"type-product","3":"status-publish","4":"has-post-thumbnail","6":"product_cat-dan-ty-ba-viet-nam","8":"first","9":"instock","10":"shipping-taxable","11":"purchasable","12":"product-type-simple"},"_links":{"self":[{"href":"https:\/\/hieudanducngan.com\/index.php\/wp-json\/wp\/v2\/product\/16047","targetHints":{"allow":["GET"]}}],"collection":[{"href":"https:\/\/hieudanducngan.com\/index.php\/wp-json\/wp\/v2\/product"}],"about":[{"href":"https:\/\/hieudanducngan.com\/index.php\/wp-json\/wp\/v2\/types\/product"}],"replies":[{"embeddable":true,"href":"https:\/\/hieudanducngan.com\/index.php\/wp-json\/wp\/v2\/comments?post=16047"}],"version-history":[{"count":1,"href":"https:\/\/hieudanducngan.com\/index.php\/wp-json\/wp\/v2\/product\/16047\/revisions"}],"predecessor-version":[{"id":16049,"href":"https:\/\/hieudanducngan.com\/index.php\/wp-json\/wp\/v2\/product\/16047\/revisions\/16049"}],"wp:featuredmedia":[{"embeddable":true,"href":"https:\/\/hieudanducngan.com\/index.php\/wp-json\/wp\/v2\/media\/16048"}],"wp:attachment":[{"href":"https:\/\/hieudanducngan.com\/index.php\/wp-json\/wp\/v2\/media?parent=16047"}],"wp:term":[{"taxonomy":"product_brand","embeddable":true,"href":"https:\/\/hieudanducngan.com\/index.php\/wp-json\/wp\/v2\/product_brand?post=16047"},{"taxonomy":"product_cat","embeddable":true,"href":"https:\/\/hieudanducngan.com\/index.php\/wp-json\/wp\/v2\/product_cat?post=16047"},{"taxonomy":"product_tag","embeddable":true,"href":"https:\/\/hieudanducngan.com\/index.php\/wp-json\/wp\/v2\/product_tag?post=16047"}],"curies":[{"name":"wp","href":"https:\/\/api.w.org\/{rel}","templated":true}]}}