{"id":16053,"date":"2025-05-31T10:03:56","date_gmt":"2025-05-31T03:03:56","guid":{"rendered":"https:\/\/demo.hieudanducngan.com\/?post_type=product&#038;p=16053"},"modified":"2025-05-31T10:03:56","modified_gmt":"2025-05-31T03:03:56","slug":"dan-ty-ba-go-do","status":"publish","type":"product","link":"https:\/\/hieudanducngan.com\/index.php\/product\/dan-ty-ba-go-do\/","title":{"rendered":"\u0110\u00e0n T\u1ef3 B\u00e0 G\u00f5 \u0110\u1ecf"},"content":{"rendered":"<ul>\n<li>\u0110\u00e0n\u00a0 T\u1ef3 B\u00e0 Vi\u1ec7t Nam\u00a0 s\u1eed d\u1ee5ng 4 d\u00e2y nylon , c\u00f3 th\u1ec3 l\u00ean d\u00e2y CFGC&#8217;. GCDG&#8217;,ADEA&#8217; , t\u00f9y theo tone nh\u1ea1c ta ch\u1ecdn l\u1ef1a k\u00edch th\u01b0\u1edbc d\u00e2y.<\/li>\n<li>Th\u00edch h\u1ee3p v\u1edbi nhi\u1ec1u d\u00f2ng nh\u1ea1c t\u1eeb c\u1ed5 nh\u1ea1c \u0111\u1ebfn d\u00f2ng nh\u1ea1c hi\u1ec7n \u0111\u1ea1i<\/li>\n<li>Th\u00e2n \u0111\u00e0n \u0111\u01b0\u1ee3c l\u00e0m b\u1eb1ng g\u1ed7 c\u1ee9ng G\u00f5 \u0110\u1ecf, m\u1eb7t Ng\u00f4 \u0110\u1ed3ng.<\/li>\n<li>S\u01a1n PU b\u00f3ng m\u1edd kh\u00f4ng m\u00e0u<\/li>\n<li>B\u1ea3o h\u00e0nh tr\u1ee5c ch\u1eafc d\u1ec5 l\u00ean d\u00e2y , chu\u1ea9n n\u1ed1t\u00a0 ph\u00edm\u00a0 tr\u00ean 4 d\u00e2y \u0111\u00e0n . \u0110\u00e2y l\u00e0 \u0111i\u1ec3m \u0111\u1eb7c \u0111i\u1ec7t c\u1ee7a hi\u1ec7u \u0111\u00e0n \u0110\u1ee9c Ng\u00e2n b\u1ea3o h\u00e0nh cho \u0111\u00e0n T\u1ef2 B\u00e0 c\u1ee7a b\u1ed5n hi\u1ec7u<\/li>\n<li>Ph\u1ee5 ki\u1ec7n g\u1ed3m bao \u0111\u00e0n ,\u00a0 1b\u1ed9 d\u00e2y 2 ph\u00edm kh\u1ea9y<\/li>\n<\/ul>\n","protected":false},"excerpt":{"rendered":"<p>\u0110\u00e0n\u00a0 T\u1ef3 B\u00e0 Vi\u1ec7t Nam\u00a0 s\u1eed d\u1ee5ng 4 d\u00e2y nylon , c\u00f3 th\u1ec3 l\u00ean d\u00e2y CFGC&#8217;. GCDG&#8217;,ADEA&#8217; , t\u00f9y theo<\/p>\n","protected":false},"featured_media":16054,"comment_status":"open","ping_status":"closed","template":"","meta":[],"product_brand":[],"product_cat":[104],"product_tag":[],"class_list":{"0":"post-16053","1":"product","2":"type-product","3":"status-publish","4":"has-post-thumbnail","6":"product_cat-dan-ty-ba-viet-nam","8":"first","9":"instock","10":"shipping-taxable","11":"purchasable","12":"product-type-simple"},"_links":{"self":[{"href":"https:\/\/hieudanducngan.com\/index.php\/wp-json\/wp\/v2\/product\/16053","targetHints":{"allow":["GET"]}}],"collection":[{"href":"https:\/\/hieudanducngan.com\/index.php\/wp-json\/wp\/v2\/product"}],"about":[{"href":"https:\/\/hieudanducngan.com\/index.php\/wp-json\/wp\/v2\/types\/product"}],"replies":[{"embeddable":true,"href":"https:\/\/hieudanducngan.com\/index.php\/wp-json\/wp\/v2\/comments?post=16053"}],"version-history":[{"count":1,"href":"https:\/\/hieudanducngan.com\/index.php\/wp-json\/wp\/v2\/product\/16053\/revisions"}],"predecessor-version":[{"id":16055,"href":"https:\/\/hieudanducngan.com\/index.php\/wp-json\/wp\/v2\/product\/16053\/revisions\/16055"}],"wp:featuredmedia":[{"embeddable":true,"href":"https:\/\/hieudanducngan.com\/index.php\/wp-json\/wp\/v2\/media\/16054"}],"wp:attachment":[{"href":"https:\/\/hieudanducngan.com\/index.php\/wp-json\/wp\/v2\/media?parent=16053"}],"wp:term":[{"taxonomy":"product_brand","embeddable":true,"href":"https:\/\/hieudanducngan.com\/index.php\/wp-json\/wp\/v2\/product_brand?post=16053"},{"taxonomy":"product_cat","embeddable":true,"href":"https:\/\/hieudanducngan.com\/index.php\/wp-json\/wp\/v2\/product_cat?post=16053"},{"taxonomy":"product_tag","embeddable":true,"href":"https:\/\/hieudanducngan.com\/index.php\/wp-json\/wp\/v2\/product_tag?post=16053"}],"curies":[{"name":"wp","href":"https:\/\/api.w.org\/{rel}","templated":true}]}}