{"id":16064,"date":"2025-05-31T10:12:08","date_gmt":"2025-05-31T03:12:08","guid":{"rendered":"https:\/\/demo.hieudanducngan.com\/?post_type=product&#038;p=16064"},"modified":"2025-05-31T10:12:08","modified_gmt":"2025-05-31T03:12:08","slug":"dan-ty-ba-go-tim","status":"publish","type":"product","link":"https:\/\/hieudanducngan.com\/index.php\/product\/dan-ty-ba-go-tim\/","title":{"rendered":"\u0110\u00e0n T\u1ef3 B\u00e0 g\u1ed7 T\u00edm"},"content":{"rendered":"<p>\u0110\u00e0n T\u1ef3 B\u00e0\u00a0 Vi\u1ec7t Nam g\u1ed7 T\u00edm\u00a0 s\u1eed d\u1ee5ng 4 d\u00e2y nylon , l\u00ean d\u00e2y CFGC&#8217;, ACDA&#8217;,GCDG&#8217;. Tuy theo n\u1ed1t nh\u1ea1c ch\u00fang ta mu\u1ed1n l\u00ean d\u00e2y m\u00e0 ch\u1ecdn size d\u00e2y nylon cho th\u00edch h\u1ee3p t\u1ee9 0.45, 0,5 ,0,8 0,7 1 mm<\/p>\n<ul>\n<li>\u0110\u00e0n \u0111\u01b0\u1ee3c l\u00e0m b\u1eb1ng g\u1ed7\u00a0 T\u00edm Purple heart t\u1eeb nam M\u1ef9 g\u1ed7 nguy\u00ean kh\u1ed1i , m\u1eb7t Ng\u00f4 \u0110\u1ed3ng nguy\u00ean t\u1ea5m.<\/li>\n<li>S\u01a1n PU ph\u1ee7 m\u00e0u \u0111en ho\u1eb7c \u0111\u1ec3 m\u00e0u t\u00edm t\u1ef1 nhi\u00ean c\u1ee7a g\u1ed7.<\/li>\n<li>\u0110\u00e0n T\u1ef3 B\u00e0 \u0110\u1ee9c Ng\u00e2n \u0111\u01b0\u1ee3c b\u1ea3o h\u00e0nh chu\u1ea9n n\u1ed1t tr\u00ean ph\u00edm 4 d\u00e2y v\u00e0 tr\u1ee5c ch\u1eafc d\u1ec5 t\u00ean d\u00e2y<\/li>\n<li>\u00c2m thanh vang ch\u1eafc\u00a0 th\u00edch\u00a0 h\u1ee3p v\u1edbi nhi\u1ec1u d\u00f2ng nh\u1ea1c nh\u01b0 T\u00e0i T\u1eed nh\u1ea1c m\u1edbi v\u00e0 nh\u1ea1c n\u01b0\u1edbc ngo\u00e0i,c\u00f3 th\u1ec3 ho\u00e0n t\u1ea5u c\u00f9ng nhi\u1ec1u lo\u1ea1i nh\u1ea1c c\u1ee5 trong v\u00e0 ngo\u00e0i n\u01b0\u1edbc\u00a0 .\u00a0 \u00a0 \u00a0 \u00a0 \u00a0 \u00a0 \u00a0 \u00a0 \u0110\u00e2y\u00a0 l\u00e0 b\u01b0\u1edbc ph\u00e1t tri\u1ec3n c\u1ee7a \u0111\u00e0n T\u1ef3 B\u00e0 Vi\u1ec7t Nam trong th\u1eddi k\u1ef3 m\u1edbi<\/li>\n<\/ul>\n<p>Ph\u1ee5 ki\u1ec7n g\u1ed3m\u00a0 Bao \u0111\u00e0n , 1 b\u1ed9 d\u00e2y \u0111\u00e0n , 2 ph\u00edm kh\u1ea9y \u0111\u00e0n<\/p>\n","protected":false},"excerpt":{"rendered":"<p>\u0110\u00e0n T\u1ef3 B\u00e0\u00a0 Vi\u1ec7t Nam g\u1ed7 T\u00edm\u00a0 s\u1eed d\u1ee5ng 4 d\u00e2y nylon , l\u00ean d\u00e2y CFGC&#8217;, ACDA&#8217;,GCDG&#8217;. Tuy theo n\u1ed1t<\/p>\n","protected":false},"featured_media":16065,"comment_status":"open","ping_status":"closed","template":"","meta":[],"product_brand":[],"product_cat":[104],"product_tag":[],"class_list":{"0":"post-16064","1":"product","2":"type-product","3":"status-publish","4":"has-post-thumbnail","6":"product_cat-dan-ty-ba-viet-nam","8":"first","9":"instock","10":"shipping-taxable","11":"purchasable","12":"product-type-simple"},"_links":{"self":[{"href":"https:\/\/hieudanducngan.com\/index.php\/wp-json\/wp\/v2\/product\/16064","targetHints":{"allow":["GET"]}}],"collection":[{"href":"https:\/\/hieudanducngan.com\/index.php\/wp-json\/wp\/v2\/product"}],"about":[{"href":"https:\/\/hieudanducngan.com\/index.php\/wp-json\/wp\/v2\/types\/product"}],"replies":[{"embeddable":true,"href":"https:\/\/hieudanducngan.com\/index.php\/wp-json\/wp\/v2\/comments?post=16064"}],"version-history":[{"count":1,"href":"https:\/\/hieudanducngan.com\/index.php\/wp-json\/wp\/v2\/product\/16064\/revisions"}],"predecessor-version":[{"id":16066,"href":"https:\/\/hieudanducngan.com\/index.php\/wp-json\/wp\/v2\/product\/16064\/revisions\/16066"}],"wp:featuredmedia":[{"embeddable":true,"href":"https:\/\/hieudanducngan.com\/index.php\/wp-json\/wp\/v2\/media\/16065"}],"wp:attachment":[{"href":"https:\/\/hieudanducngan.com\/index.php\/wp-json\/wp\/v2\/media?parent=16064"}],"wp:term":[{"taxonomy":"product_brand","embeddable":true,"href":"https:\/\/hieudanducngan.com\/index.php\/wp-json\/wp\/v2\/product_brand?post=16064"},{"taxonomy":"product_cat","embeddable":true,"href":"https:\/\/hieudanducngan.com\/index.php\/wp-json\/wp\/v2\/product_cat?post=16064"},{"taxonomy":"product_tag","embeddable":true,"href":"https:\/\/hieudanducngan.com\/index.php\/wp-json\/wp\/v2\/product_tag?post=16064"}],"curies":[{"name":"wp","href":"https:\/\/api.w.org\/{rel}","templated":true}]}}