{"id":16090,"date":"2025-05-31T11:31:19","date_gmt":"2025-05-31T04:31:19","guid":{"rendered":"https:\/\/demo.hieudanducngan.com\/?post_type=product&#038;p=16090"},"modified":"2025-08-16T08:09:15","modified_gmt":"2025-08-16T01:09:15","slug":"dan-tranh-19-day-go-cam-lai-can-hoa-lan","status":"publish","type":"product","link":"https:\/\/hieudanducngan.com\/index.php\/product\/dan-tranh-19-day-go-cam-lai-can-hoa-lan\/","title":{"rendered":"\u0110\u00e0n Tranh 19 d\u00e2y g\u1ed7 C\u1ea9m lai c\u1ea9n hoa Lan"},"content":{"rendered":"<ul>\n<li>\u0110\u00e0n Tranh Vi\u1ec7t Nam s\u1eef d\u1ee5ng 19 d\u00e2y inox<\/li>\n<li>Th\u00edch h\u1ee3p nhi\u1ec1u d\u00f2ng nh\u1ea1c Vi\u1ec7t Nam nh\u01b0 nh\u1ea1c C\u1ed5, nh\u1ea1c qu\u00ea h\u01b0\u01a1ng v\u00e0 nh\u1ea1c n\u01b0\u1edbc ngo\u00e0i<\/li>\n<li>Th\u00e0nh \u0111\u00e0n l\u00e0m g\u1ed7 C\u1ea9m lai nguy\u00ean kh\u00f4i, m\u1eb7t Ng\u00f4 \u0110\u1ed3ng nguy\u00ean t\u1ea5m<\/li>\n<li>Th\u00e0nh \u0111\u00e0n \u0111\u01b0\u1ee3c c\u1ea9n hoa Lan b\u1eb1ng \u1ed0c \u0111\u1eb9p<\/li>\n<li>S\u01a1n PU b\u00f3ng m\u1edd kh\u00f4ng m\u00e0u \u0111\u1ec3 l65 v\u00e2n g\u1ed7 t\u1ef1 nhi\u00ean\u00a0 v\u00e0 m\u00e0u \u1ed0c \u0111\u1eb9p<\/li>\n<li>K\u00edch th\u01b0\u1edbc \u0111\u00e0n d\u00e0i\u00a0 125 cm , chi\u1ec1u ngang 30-22 cm<\/li>\n<li>Ph\u1ee5 ki\u1ec7n g\u1ed3m bao \u0111\u00e0n, 1 b\u1ed9 d\u00e2y, 1 v\u1eb7n tr\u1ee5c , 1 b\u1ed9 m\u00f3ng<\/li>\n<li>B\u1ea3o h\u00e0nh tr\u1ee5c ch\u1eafc nh\u1ea1n v\u1eefng 12 th\u00e1ng<\/li>\n<\/ul>\n","protected":false},"excerpt":{"rendered":"<p><a href=\"https:\/\/www.youtube.com\/watch?v=l-A3glj3fus\">\u00a0\u00c2m thanh \u0111\u00e0n Tranh 19 d\u00e2y g\u1ed7 C\u1ea9m la<\/a>i<\/p>\n","protected":false},"featured_media":16094,"comment_status":"open","ping_status":"closed","template":"","meta":[],"product_brand":[],"product_cat":[124],"product_tag":[],"class_list":{"0":"post-16090","1":"product","2":"type-product","3":"status-publish","4":"has-post-thumbnail","6":"product_cat-dan-tranh-19-day-go-cam-lai-can-hoa-lan","8":"first","9":"instock","10":"shipping-taxable","11":"purchasable","12":"product-type-simple"},"_links":{"self":[{"href":"https:\/\/hieudanducngan.com\/index.php\/wp-json\/wp\/v2\/product\/16090","targetHints":{"allow":["GET"]}}],"collection":[{"href":"https:\/\/hieudanducngan.com\/index.php\/wp-json\/wp\/v2\/product"}],"about":[{"href":"https:\/\/hieudanducngan.com\/index.php\/wp-json\/wp\/v2\/types\/product"}],"replies":[{"embeddable":true,"href":"https:\/\/hieudanducngan.com\/index.php\/wp-json\/wp\/v2\/comments?post=16090"}],"version-history":[{"count":4,"href":"https:\/\/hieudanducngan.com\/index.php\/wp-json\/wp\/v2\/product\/16090\/revisions"}],"predecessor-version":[{"id":16093,"href":"https:\/\/hieudanducngan.com\/index.php\/wp-json\/wp\/v2\/product\/16090\/revisions\/16093"}],"wp:featuredmedia":[{"embeddable":true,"href":"https:\/\/hieudanducngan.com\/index.php\/wp-json\/wp\/v2\/media\/16094"}],"wp:attachment":[{"href":"https:\/\/hieudanducngan.com\/index.php\/wp-json\/wp\/v2\/media?parent=16090"}],"wp:term":[{"taxonomy":"product_brand","embeddable":true,"href":"https:\/\/hieudanducngan.com\/index.php\/wp-json\/wp\/v2\/product_brand?post=16090"},{"taxonomy":"product_cat","embeddable":true,"href":"https:\/\/hieudanducngan.com\/index.php\/wp-json\/wp\/v2\/product_cat?post=16090"},{"taxonomy":"product_tag","embeddable":true,"href":"https:\/\/hieudanducngan.com\/index.php\/wp-json\/wp\/v2\/product_tag?post=16090"}],"curies":[{"name":"wp","href":"https:\/\/api.w.org\/{rel}","templated":true}]}}