{"id":16098,"date":"2025-05-31T11:48:44","date_gmt":"2025-05-31T04:48:44","guid":{"rendered":"https:\/\/demo.hieudanducngan.com\/?post_type=product&#038;p=16098"},"modified":"2025-05-31T11:48:44","modified_gmt":"2025-05-31T04:48:44","slug":"dan-bau-xep-cam-lai-cham-rong-phung","status":"publish","type":"product","link":"https:\/\/hieudanducngan.com\/index.php\/product\/dan-bau-xep-cam-lai-cham-rong-phung\/","title":{"rendered":"\u0110\u00e0n B\u1ea7u x\u1ebfp c\u1ea9m lai ch\u1ea1m R\u1ed3ng Ph\u1ee5ng"},"content":{"rendered":"<p>\u0110\u00e0n B\u1ea7u x\u1ebfpg\u1ed7 C\u1ea9m lai s\u1eed d\u1ee5ng 1 d\u1eady th\u00e9p . th\u00edch h\u1ee3p d\u00f2ng nh\u00e2c Vi\u1ec7t Nam<\/p>\n<ul>\n<li>Th\u00e0nh \u0111\u00e0n g\u1ed7 C\u1ea9m lai , m\u1eb7t \u0111\u00e0n g\u1ed7 Th\u00f4ng<\/li>\n<li>Th\u00e0nh \u0111\u00e0n \u0111\u01b0\u1ee3c ch\u1ea1m tr\u1ed5 R\u1ed3ng Ph\u1ee5ng<\/li>\n<li>S\u01a1n PU kh\u00f4ng m\u00e0u<\/li>\n<li>T\u00edch h\u1ee3p loa, amply, bluetooth trong\u00a0 b\u1ee5ng \u0111\u00e0n , c\u1eafm loa Toa khi bi\u1ec3u di\u1ec5n . s\u1eed d\u1ee5ng ngu\u1ed3n \u0111i\u1ec7n 220 V<\/li>\n<li>Ch\u00fa \u00fd khi c\u1eafm loa ngo\u00e0i c\u1ea7n ng\u1eaft ngu\u1ed3n c\u1ea5p \u0111i\u1ec7n cho \u0111\u00e0n<\/li>\n<li>\u01afu di\u1ec3m \u0111\u00e0n x\u1ebfp l\u1ea1i nh\u1ecf g\u1ecdn d\u1ec5 d\u00e0ng di chuy\u1ec3n \u0111i xa<\/li>\n<\/ul>\n","protected":false},"excerpt":{"rendered":"<p>\u0110\u00e0n B\u1ea7u x\u1ebfpg\u1ed7 C\u1ea9m lai s\u1eed d\u1ee5ng 1 d\u1eady th\u00e9p . th\u00edch h\u1ee3p d\u00f2ng nh\u00e2c Vi\u1ec7t Nam Th\u00e0nh \u0111\u00e0n g\u1ed7<\/p>\n","protected":false},"featured_media":16099,"comment_status":"open","ping_status":"closed","template":"","meta":[],"product_brand":[],"product_cat":[73,76,79],"product_tag":[],"class_list":{"0":"post-16098","1":"product","2":"type-product","3":"status-publish","4":"has-post-thumbnail","6":"product_cat-dan-bau","7":"product_cat-bau-xep-loa-bluetooth","8":"product_cat-dan-bau-xep-cam-lai-cham","10":"first","11":"instock","12":"shipping-taxable","13":"purchasable","14":"product-type-simple"},"_links":{"self":[{"href":"https:\/\/hieudanducngan.com\/index.php\/wp-json\/wp\/v2\/product\/16098","targetHints":{"allow":["GET"]}}],"collection":[{"href":"https:\/\/hieudanducngan.com\/index.php\/wp-json\/wp\/v2\/product"}],"about":[{"href":"https:\/\/hieudanducngan.com\/index.php\/wp-json\/wp\/v2\/types\/product"}],"replies":[{"embeddable":true,"href":"https:\/\/hieudanducngan.com\/index.php\/wp-json\/wp\/v2\/comments?post=16098"}],"version-history":[{"count":1,"href":"https:\/\/hieudanducngan.com\/index.php\/wp-json\/wp\/v2\/product\/16098\/revisions"}],"predecessor-version":[{"id":16100,"href":"https:\/\/hieudanducngan.com\/index.php\/wp-json\/wp\/v2\/product\/16098\/revisions\/16100"}],"wp:featuredmedia":[{"embeddable":true,"href":"https:\/\/hieudanducngan.com\/index.php\/wp-json\/wp\/v2\/media\/16099"}],"wp:attachment":[{"href":"https:\/\/hieudanducngan.com\/index.php\/wp-json\/wp\/v2\/media?parent=16098"}],"wp:term":[{"taxonomy":"product_brand","embeddable":true,"href":"https:\/\/hieudanducngan.com\/index.php\/wp-json\/wp\/v2\/product_brand?post=16098"},{"taxonomy":"product_cat","embeddable":true,"href":"https:\/\/hieudanducngan.com\/index.php\/wp-json\/wp\/v2\/product_cat?post=16098"},{"taxonomy":"product_tag","embeddable":true,"href":"https:\/\/hieudanducngan.com\/index.php\/wp-json\/wp\/v2\/product_tag?post=16098"}],"curies":[{"name":"wp","href":"https:\/\/api.w.org\/{rel}","templated":true}]}}