{"id":16101,"date":"2025-05-31T11:53:01","date_gmt":"2025-05-31T04:53:01","guid":{"rendered":"https:\/\/demo.hieudanducngan.com\/?post_type=product&#038;p=16101"},"modified":"2025-05-31T11:53:01","modified_gmt":"2025-05-31T04:53:01","slug":"dan-bau-xep-cam-lai-can","status":"publish","type":"product","link":"https:\/\/hieudanducngan.com\/index.php\/product\/dan-bau-xep-cam-lai-can\/","title":{"rendered":"\u0110\u00e0n B\u1ea7u x\u1ebfp c\u1ea9m lai c\u1ea9n"},"content":{"rendered":"<p>\u0110\u00e0n\u00a0 B\u1ea7u x\u1ebfp\u00a0 s\u1eed d\u1ee5ng 1 d\u00e2y th\u00e9p , t\u00edch h\u1ee3p cho d\u00f2ng nh\u1ea1c Vi\u1ec7t Nam , ti\u1ebfng \u0111\u00e0n \u1ea5m \u00e1p<\/p>\n<ul>\n<li>Th\u00e0nh \u0111\u00e0n b\u1eb1ng g\u1ed7 C\u1ea9m lai , m\u1eb7t \u0111\u00e0n l\u00e0m b\u1eb1ng g\u1ed7 th\u00f4ng<\/li>\n<li>Th\u00e0nh \u0111\u00e0n C\u1ea9n \u1ed0c \u0111\u1eb9p t\u00edch d\u00e2n gian\u00a0 Vi\u1ec7t Nam<\/li>\n<li>T\u00edch h\u1ee3p loa,amply, bluetooth trong b\u1ee5ng \u0111\u00e0n , khi bi\u1ec3u di\u1ec5n g\u1eafn loa Toa , d\u00f9ng ngu\u1ed3n \u0111i\u1ec7n 220V<\/li>\n<li>L\u01b0u \u00fd khu c\u1eafm loa amply ngo\u00e0i ph\u1ea3i ng\u1eaft ngu\u1ed3n c\u1ea5p \u0111i\u1ec7n<\/li>\n<li>S\u01a1n PU b\u00f3ng m\u1edd kh\u00f4ng m\u00e0u<\/li>\n<\/ul>\n","protected":false},"excerpt":{"rendered":"<p>\u0110\u00e0n\u00a0 B\u1ea7u x\u1ebfp\u00a0 s\u1eed d\u1ee5ng 1 d\u00e2y th\u00e9p , t\u00edch h\u1ee3p cho d\u00f2ng nh\u1ea1c Vi\u1ec7t Nam , ti\u1ebfng \u0111\u00e0n \u1ea5m<\/p>\n","protected":false},"featured_media":16102,"comment_status":"open","ping_status":"closed","template":"","meta":[],"product_brand":[],"product_cat":[73,76,78],"product_tag":[],"class_list":{"0":"post-16101","1":"product","2":"type-product","3":"status-publish","4":"has-post-thumbnail","6":"product_cat-dan-bau","7":"product_cat-bau-xep-loa-bluetooth","8":"product_cat-dan-bau-thung-loabluetooth","10":"first","11":"instock","12":"shipping-taxable","13":"product-type-simple"},"_links":{"self":[{"href":"https:\/\/hieudanducngan.com\/index.php\/wp-json\/wp\/v2\/product\/16101","targetHints":{"allow":["GET"]}}],"collection":[{"href":"https:\/\/hieudanducngan.com\/index.php\/wp-json\/wp\/v2\/product"}],"about":[{"href":"https:\/\/hieudanducngan.com\/index.php\/wp-json\/wp\/v2\/types\/product"}],"replies":[{"embeddable":true,"href":"https:\/\/hieudanducngan.com\/index.php\/wp-json\/wp\/v2\/comments?post=16101"}],"version-history":[{"count":1,"href":"https:\/\/hieudanducngan.com\/index.php\/wp-json\/wp\/v2\/product\/16101\/revisions"}],"predecessor-version":[{"id":16103,"href":"https:\/\/hieudanducngan.com\/index.php\/wp-json\/wp\/v2\/product\/16101\/revisions\/16103"}],"wp:featuredmedia":[{"embeddable":true,"href":"https:\/\/hieudanducngan.com\/index.php\/wp-json\/wp\/v2\/media\/16102"}],"wp:attachment":[{"href":"https:\/\/hieudanducngan.com\/index.php\/wp-json\/wp\/v2\/media?parent=16101"}],"wp:term":[{"taxonomy":"product_brand","embeddable":true,"href":"https:\/\/hieudanducngan.com\/index.php\/wp-json\/wp\/v2\/product_brand?post=16101"},{"taxonomy":"product_cat","embeddable":true,"href":"https:\/\/hieudanducngan.com\/index.php\/wp-json\/wp\/v2\/product_cat?post=16101"},{"taxonomy":"product_tag","embeddable":true,"href":"https:\/\/hieudanducngan.com\/index.php\/wp-json\/wp\/v2\/product_tag?post=16101"}],"curies":[{"name":"wp","href":"https:\/\/api.w.org\/{rel}","templated":true}]}}