{"id":16104,"date":"2025-05-31T12:01:32","date_gmt":"2025-05-31T05:01:32","guid":{"rendered":"https:\/\/demo.hieudanducngan.com\/?post_type=product&#038;p=16104"},"modified":"2025-05-31T12:01:32","modified_gmt":"2025-05-31T05:01:32","slug":"dan-bau-thung-loa-bluetooth","status":"publish","type":"product","link":"https:\/\/hieudanducngan.com\/index.php\/product\/dan-bau-thung-loa-bluetooth\/","title":{"rendered":"\u0110\u00e0n B\u1ea7u th\u00f9ng loa, bluetooth"},"content":{"rendered":"<p>\u0110\u00e0n B\u1ea7u th\u00f9ng s\u1eed d\u1ee5ng 1 d\u00e2y th\u00e9p , th\u00edch h\u1ee3p\u00a0 nhi\u1ec1u d\u00f2ng\u00a0 nh\u1ea1c nh\u01b0ng s\u00e2u s\u1eafc nh\u1ea5t l\u00e0 nh\u1ea1c Vi\u1ec7t Nam c\u00f3 nh\u1eefng \u00e2m b\u1ed3i c\u1ee7 k\u1ef7 thu\u1eadt rung nh\u1ea5n c\u1ea7n \u0111\u00e0n<\/p>\n<ul>\n<li>Th\u00e0nh \u0111\u00e0n b\u1eb1ng g\u1ed7 H\u01b0\u01a1ng \u0110\u1ecf, m\u1eb7t \u0111\u00e0n b\u1eb1ng g\u1ed7 Th\u00f4ng\u00a0 \u00a0( n\u01b0\u1edbc ngo\u00e0i)<\/li>\n<li>K\u00edch th\u01b0\u1edbc \u0111\u00e0n d\u00e0i 110 cm<\/li>\n<li>S\u01a1n PU b\u00f3ng m\u1edd kh\u00f4ng m\u00e0u \u0111\u1ec3 l\u1ed9 m\u00e0u t\u1ef1 nhi\u1ec7n c\u1ee7a g\u1ed7<\/li>\n<li>T\u00edch h\u1ee3p loa, amply, bluetooth trong th\u00e2n \u0111\u00e0n\u00a0 . Khi di\u1ec5n s\u00e2n kh\u1ea5u g\u1eafn th\u00eam loa Loa ,<\/li>\n<li>\u0110i\u1ec7n ngu\u1ed3n 220V<\/li>\n<li>L\u01b0u \u00fd :khi c\u1eafm th\u1eb3ng amply ngo\u00e0i th\u00ec ph\u1ea3i ng\u1eaft d\u00e2y ngu\u1ed3n c\u1ea5p \u0111i\u1ec7n .<\/li>\n<li>Ph\u1ee5 ki\u1ec7n\u00a0 : bao \u0111\u00e0n,2 d\u00e2y \u0111\u00e0n, 2 que\u00a0 Giang,kh\u1ea9y \u0111\u00e0n , d\u00e2y c\u1ea5p ngu\u1ed3n \u0111i\u1ec7n<\/li>\n<\/ul>\n","protected":false},"excerpt":{"rendered":"<p>B\u1ea3o h\u00e0nh 6 th\u00e1ng<\/p>\n","protected":false},"featured_media":16105,"comment_status":"open","ping_status":"closed","template":"","meta":[],"product_brand":[],"product_cat":[73,74],"product_tag":[],"class_list":{"0":"post-16104","1":"product","2":"type-product","3":"status-publish","4":"has-post-thumbnail","6":"product_cat-dan-bau","7":"product_cat-bau-thung-loa-bluetooth","9":"first","10":"instock","11":"shipping-taxable","12":"purchasable","13":"product-type-simple"},"_links":{"self":[{"href":"https:\/\/hieudanducngan.com\/index.php\/wp-json\/wp\/v2\/product\/16104","targetHints":{"allow":["GET"]}}],"collection":[{"href":"https:\/\/hieudanducngan.com\/index.php\/wp-json\/wp\/v2\/product"}],"about":[{"href":"https:\/\/hieudanducngan.com\/index.php\/wp-json\/wp\/v2\/types\/product"}],"replies":[{"embeddable":true,"href":"https:\/\/hieudanducngan.com\/index.php\/wp-json\/wp\/v2\/comments?post=16104"}],"version-history":[{"count":1,"href":"https:\/\/hieudanducngan.com\/index.php\/wp-json\/wp\/v2\/product\/16104\/revisions"}],"predecessor-version":[{"id":16106,"href":"https:\/\/hieudanducngan.com\/index.php\/wp-json\/wp\/v2\/product\/16104\/revisions\/16106"}],"wp:featuredmedia":[{"embeddable":true,"href":"https:\/\/hieudanducngan.com\/index.php\/wp-json\/wp\/v2\/media\/16105"}],"wp:attachment":[{"href":"https:\/\/hieudanducngan.com\/index.php\/wp-json\/wp\/v2\/media?parent=16104"}],"wp:term":[{"taxonomy":"product_brand","embeddable":true,"href":"https:\/\/hieudanducngan.com\/index.php\/wp-json\/wp\/v2\/product_brand?post=16104"},{"taxonomy":"product_cat","embeddable":true,"href":"https:\/\/hieudanducngan.com\/index.php\/wp-json\/wp\/v2\/product_cat?post=16104"},{"taxonomy":"product_tag","embeddable":true,"href":"https:\/\/hieudanducngan.com\/index.php\/wp-json\/wp\/v2\/product_tag?post=16104"}],"curies":[{"name":"wp","href":"https:\/\/api.w.org\/{rel}","templated":true}]}}