{"id":16107,"date":"2025-05-31T12:06:13","date_gmt":"2025-05-31T05:06:13","guid":{"rendered":"https:\/\/demo.hieudanducngan.com\/?post_type=product&#038;p=16107"},"modified":"2025-05-31T12:06:13","modified_gmt":"2025-05-31T05:06:13","slug":"bau-xep-loa-bluetooth","status":"publish","type":"product","link":"https:\/\/hieudanducngan.com\/index.php\/product\/bau-xep-loa-bluetooth\/","title":{"rendered":"B\u1ea7u x\u1ebfp loa, bluetooth"},"content":{"rendered":"<p>\u0110\u00e0n B\u1ea7u x\u1ebfp s\u1eed d\u1ee5ng 1 d\u00e2y th\u00e9p , Th\u00edch h\u1ee3p nhi\u1ec1u th\u1ec3 lo\u1ea1i nh\u1ea1c c\u1ed5 v\u00e0 hi\u1ec7n \u0111\u1ea1i trong v\u00e0 n\u01b0\u1edbc ngo\u00e0i<\/p>\n<ul>\n<li>Th\u00e2n \u0111\u00e0n l\u00e0m b\u1eb1ng g\u1ed7 H\u01b0\u01a1ng \u0110\u1ecf ( g\u1ed7 n\u01b0\u1edbc ngo\u00e0i ), m\u1eb7t \u0111\u00e0n g\u1ed7 th\u00f4ng<\/li>\n<li>S\u01a1n PU b\u00f3ng m\u1edd kh\u00f4ng m\u00e0u \u0111\u1ec3 l65 v\u00e2n g\u1ed7 t\u1ef1 nhi\u00ean<\/li>\n<li>\u0110\u00e0n B\u1ea7u\u00a0 \u0111\u01b0\u1ee3c t\u00edch h\u1ee3p h\u1ec7 th\u00f4ng loa, amply, bluetooth trong th\u00e2n \u0111\u00e0n<\/li>\n<li>Ch\u00fang ta c\u1ea7n cung c\u1ea5p ngu\u1ed3n \u0111i\u00ean 220V ho\u1eb7c pin 2 c\u1ee5c pin 9V ( khi c\u1ea7n thi\u00eat), khi bi\u1ec3u di\u1ec5n s\u00e2n kh\u00e1u\u00a0 c\u00f3 th\u1ec3 g\u1eafn loa Toa<\/li>\n<li>N\u1ebfu c\u1eafm tr\u1ef1c ti\u1ebfp amply s\u00e2n kh\u1ea5u n\u00ean r\u00fat d\u00e2y cung c\u1ea5p ngu\u1ed3n \u0111i\u1ec7n ( n\u1ebfu \u0111\u1ec3 s\u1ebd b\u1ecb ch\u00e1y h\u1ec7 th\u1ed1ng )<\/li>\n<li>Ph\u1ee5 ki\u1ec7n g\u1ed3m : Bao \u0111\u00e0n , d\u00e2y c\u1ea5p ngu\u1ed3n \u0111i\u1ec7n ,\u00a0 s\u1ee3i d\u00e2y \u0111\u00e0n , 2 que Giang kh\u1ea9y \u0111\u00e0n<\/li>\n<li>B\u1ea3o h\u00e0nh 6 th\u00e1ng<\/li>\n<\/ul>\n","protected":false},"excerpt":{"rendered":"<p>B\u1ea3o h\u00e0nh 6 th\u00e1ng<\/p>\n","protected":false},"featured_media":16108,"comment_status":"open","ping_status":"closed","template":"","meta":[],"product_brand":[],"product_cat":[73,76],"product_tag":[],"class_list":{"0":"post-16107","1":"product","2":"type-product","3":"status-publish","4":"has-post-thumbnail","6":"product_cat-dan-bau","7":"product_cat-bau-xep-loa-bluetooth","9":"first","10":"instock","11":"shipping-taxable","12":"purchasable","13":"product-type-simple"},"_links":{"self":[{"href":"https:\/\/hieudanducngan.com\/index.php\/wp-json\/wp\/v2\/product\/16107","targetHints":{"allow":["GET"]}}],"collection":[{"href":"https:\/\/hieudanducngan.com\/index.php\/wp-json\/wp\/v2\/product"}],"about":[{"href":"https:\/\/hieudanducngan.com\/index.php\/wp-json\/wp\/v2\/types\/product"}],"replies":[{"embeddable":true,"href":"https:\/\/hieudanducngan.com\/index.php\/wp-json\/wp\/v2\/comments?post=16107"}],"version-history":[{"count":2,"href":"https:\/\/hieudanducngan.com\/index.php\/wp-json\/wp\/v2\/product\/16107\/revisions"}],"predecessor-version":[{"id":16110,"href":"https:\/\/hieudanducngan.com\/index.php\/wp-json\/wp\/v2\/product\/16107\/revisions\/16110"}],"wp:featuredmedia":[{"embeddable":true,"href":"https:\/\/hieudanducngan.com\/index.php\/wp-json\/wp\/v2\/media\/16108"}],"wp:attachment":[{"href":"https:\/\/hieudanducngan.com\/index.php\/wp-json\/wp\/v2\/media?parent=16107"}],"wp:term":[{"taxonomy":"product_brand","embeddable":true,"href":"https:\/\/hieudanducngan.com\/index.php\/wp-json\/wp\/v2\/product_brand?post=16107"},{"taxonomy":"product_cat","embeddable":true,"href":"https:\/\/hieudanducngan.com\/index.php\/wp-json\/wp\/v2\/product_cat?post=16107"},{"taxonomy":"product_tag","embeddable":true,"href":"https:\/\/hieudanducngan.com\/index.php\/wp-json\/wp\/v2\/product_tag?post=16107"}],"curies":[{"name":"wp","href":"https:\/\/api.w.org\/{rel}","templated":true}]}}