{"id":16111,"date":"2025-05-31T12:13:06","date_gmt":"2025-05-31T05:13:06","guid":{"rendered":"https:\/\/demo.hieudanducngan.com\/?post_type=product&#038;p=16111"},"modified":"2025-07-13T18:59:05","modified_gmt":"2025-07-13T11:59:05","slug":"bau-xep","status":"publish","type":"product","link":"https:\/\/hieudanducngan.com\/index.php\/product\/bau-xep\/","title":{"rendered":"B\u1ea7u X\u1ebfp"},"content":{"rendered":"<p>\u0110\u00e0n B\u1ea7u X\u1ebfp\u00a0 s\u1eed d\u1ee5ng 1 d\u00e2y th\u00e9p, th\u00edch h\u1ee3p nhi\u1ec1u th\u1ec3 lo\u1ea1i nh\u1ea1c , nh\u1ea5t l\u00e0 nh\u1ea1c Vi\u1ec7t Nam gi\u00e0u t\u00ecnh c\u1ea3m<\/p>\n<ul>\n<li>Th\u00e0nh \u0111\u00e0n b\u1eb1ng g\u1ed7 H\u01b0\u01a1ng\u00a0 \u0110\u1ecf ( g\u1ed7 n\u01b0\u1edbc ngo\u00e0i ), m\u1eb7t \u0111\u00e0n b\u1eb1ng g\u1ed7 th\u00f4ng<\/li>\n<li>S\u01a1n PU b\u00f3ng m\u1edd kh\u00f4ng m\u00e0u \u0111\u1ec5 l\u1ed9 v\u00e2n g\u1ed7 t\u1ef1 nhi\u00ean \u0111\u1eb9p<\/li>\n<li>Mobin qu\u1ea5n cho\u00a0 \u00e2m thanh \u1ea5m \u00e1p<\/li>\n<li>\u00a0\u00c2m thanh C3 r\u00f5 ti\u1ebfng<\/li>\n<li>Ph\u1ee5 ki\u1ec7n g\u1ed3m bao mousse , 2 d\u00e2y\u00a0 \u0111\u00e0n,,2 que kh\u1ea9y \u0111\u00e0n<\/li>\n<li>B\u1ea3o h\u00e0nh 6 th\u00e1ng<\/li>\n<\/ul>\n","protected":false},"excerpt":{"rendered":"<p>\u00c2m thanh \u0111\u00e0n B\u1ea7u X\u1ebfp<\/p>\n","protected":false},"featured_media":16112,"comment_status":"open","ping_status":"closed","template":"","meta":[],"product_brand":[],"product_cat":[73,75],"product_tag":[],"class_list":{"0":"post-16111","1":"product","2":"type-product","3":"status-publish","4":"has-post-thumbnail","6":"product_cat-dan-bau","7":"product_cat-bau-xep","9":"first","10":"instock","11":"shipping-taxable","12":"purchasable","13":"product-type-simple"},"_links":{"self":[{"href":"https:\/\/hieudanducngan.com\/index.php\/wp-json\/wp\/v2\/product\/16111","targetHints":{"allow":["GET"]}}],"collection":[{"href":"https:\/\/hieudanducngan.com\/index.php\/wp-json\/wp\/v2\/product"}],"about":[{"href":"https:\/\/hieudanducngan.com\/index.php\/wp-json\/wp\/v2\/types\/product"}],"replies":[{"embeddable":true,"href":"https:\/\/hieudanducngan.com\/index.php\/wp-json\/wp\/v2\/comments?post=16111"}],"version-history":[{"count":3,"href":"https:\/\/hieudanducngan.com\/index.php\/wp-json\/wp\/v2\/product\/16111\/revisions"}],"predecessor-version":[{"id":16438,"href":"https:\/\/hieudanducngan.com\/index.php\/wp-json\/wp\/v2\/product\/16111\/revisions\/16438"}],"wp:featuredmedia":[{"embeddable":true,"href":"https:\/\/hieudanducngan.com\/index.php\/wp-json\/wp\/v2\/media\/16112"}],"wp:attachment":[{"href":"https:\/\/hieudanducngan.com\/index.php\/wp-json\/wp\/v2\/media?parent=16111"}],"wp:term":[{"taxonomy":"product_brand","embeddable":true,"href":"https:\/\/hieudanducngan.com\/index.php\/wp-json\/wp\/v2\/product_brand?post=16111"},{"taxonomy":"product_cat","embeddable":true,"href":"https:\/\/hieudanducngan.com\/index.php\/wp-json\/wp\/v2\/product_cat?post=16111"},{"taxonomy":"product_tag","embeddable":true,"href":"https:\/\/hieudanducngan.com\/index.php\/wp-json\/wp\/v2\/product_tag?post=16111"}],"curies":[{"name":"wp","href":"https:\/\/api.w.org\/{rel}","templated":true}]}}