{"id":16114,"date":"2025-05-31T12:35:25","date_gmt":"2025-05-31T05:35:25","guid":{"rendered":"https:\/\/demo.hieudanducngan.com\/?post_type=product&#038;p=16114"},"modified":"2025-06-23T07:45:17","modified_gmt":"2025-06-23T00:45:17","slug":"dan-tranh-17-day-ve-my-thuat","status":"publish","type":"product","link":"https:\/\/hieudanducngan.com\/index.php\/product\/dan-tranh-17-day-ve-my-thuat\/","title":{"rendered":"\u0110\u00e0n Tranh 17 d\u00e2y v\u1ebd m\u1ef9 thu\u1eadt"},"content":{"rendered":"<ul>\n<li>\u0110\u00e0n Tranh 17 d\u00e2y th\u00e0nh g\u1ed7 T\u00edm Nam M\u1ef9 m\u1eb7t Ng\u00f4 \u0110\u1ed3ng<\/li>\n<li>Th\u00edch h\u1ee3p v\u1edbi nh\u1ea1c c\u1ed5 , nh\u1ea1c tr\u1eef t\u00ecnh Vi\u1ec7t nam<\/li>\n<li>K\u00edch th\u01b0\u1edbc d\u00e0i 115cm , ngang 26cm-17cm\u00a0 , n\u1eb7ng 2,2kg<\/li>\n<li>V\u1ebd m\u1ef9 thu\u1eadt hoa, tranh \u0110\u00f4ng H\u1ed3<\/li>\n<li>S\u01a1n PU b\u00f3ng m\u1edd kh\u00f4ng m\u00e0u<\/li>\n<li>Ph\u1ee5 ki\u1ec7n : bao \u0111\u00e0n ,\u00a0 1 v\u1eb7n tr\u1ee5c , 1 b\u1ed9 d\u00e2y , 1 b\u1ed9 m\u00f3n inox<\/li>\n<li>B\u1ea3o h\u00e0nh 12 th\u00e1ng<\/li>\n<li>Tr\u1ee5c ch\u1eafc kh\u00f4ng tu\u00f4n, nh\u1ea1n kh\u00f4ng x\u00ea d\u1ecbch khi bi\u1ec3u di\u1ec5n<\/li>\n<\/ul>\n","protected":false},"excerpt":{"rendered":"<p>B\u1ea3o h\u00e0nh 12 th\u00e1ng<\/p>\n<p>B\u00e1n v\u00e0 v\u1eadn chuy\u1ec3n trong v\u00e0 ngo\u00e0i n\u01b0\u1edbc<\/p>\n","protected":false},"featured_media":16115,"comment_status":"open","ping_status":"closed","template":"","meta":[],"product_brand":[],"product_cat":[101,102],"product_tag":[],"class_list":{"0":"post-16114","1":"product","2":"type-product","3":"status-publish","4":"has-post-thumbnail","6":"product_cat-dan-tranh","7":"product_cat-dan-tranh-17-day","9":"first","10":"instock","11":"shipping-taxable","12":"purchasable","13":"product-type-simple"},"_links":{"self":[{"href":"https:\/\/hieudanducngan.com\/index.php\/wp-json\/wp\/v2\/product\/16114","targetHints":{"allow":["GET"]}}],"collection":[{"href":"https:\/\/hieudanducngan.com\/index.php\/wp-json\/wp\/v2\/product"}],"about":[{"href":"https:\/\/hieudanducngan.com\/index.php\/wp-json\/wp\/v2\/types\/product"}],"replies":[{"embeddable":true,"href":"https:\/\/hieudanducngan.com\/index.php\/wp-json\/wp\/v2\/comments?post=16114"}],"version-history":[{"count":2,"href":"https:\/\/hieudanducngan.com\/index.php\/wp-json\/wp\/v2\/product\/16114\/revisions"}],"predecessor-version":[{"id":16406,"href":"https:\/\/hieudanducngan.com\/index.php\/wp-json\/wp\/v2\/product\/16114\/revisions\/16406"}],"wp:featuredmedia":[{"embeddable":true,"href":"https:\/\/hieudanducngan.com\/index.php\/wp-json\/wp\/v2\/media\/16115"}],"wp:attachment":[{"href":"https:\/\/hieudanducngan.com\/index.php\/wp-json\/wp\/v2\/media?parent=16114"}],"wp:term":[{"taxonomy":"product_brand","embeddable":true,"href":"https:\/\/hieudanducngan.com\/index.php\/wp-json\/wp\/v2\/product_brand?post=16114"},{"taxonomy":"product_cat","embeddable":true,"href":"https:\/\/hieudanducngan.com\/index.php\/wp-json\/wp\/v2\/product_cat?post=16114"},{"taxonomy":"product_tag","embeddable":true,"href":"https:\/\/hieudanducngan.com\/index.php\/wp-json\/wp\/v2\/product_tag?post=16114"}],"curies":[{"name":"wp","href":"https:\/\/api.w.org\/{rel}","templated":true}]}}