{"id":16117,"date":"2025-05-31T12:40:22","date_gmt":"2025-05-31T05:40:22","guid":{"rendered":"https:\/\/demo.hieudanducngan.com\/?post_type=product&#038;p=16117"},"modified":"2025-06-23T07:42:40","modified_gmt":"2025-06-23T00:42:40","slug":"dan-bau-thung-can","status":"publish","type":"product","link":"https:\/\/hieudanducngan.com\/index.php\/product\/dan-bau-thung-can\/","title":{"rendered":"\u0110\u00e0n B\u1ea7u th\u00f9ng c\u1ea7n"},"content":{"rendered":"<ul>\n<li>\u0110\u00e0n B\u1ea7u th\u00f9ng s\u1eed d\u1ee5ng 1 d\u00e2y th\u00e9p ,<\/li>\n<li>\u00c2m thanh tr\u1ea7m \u1ea5m th\u00edch h\u1ee3p cho d\u00f2ng nh\u1ea1c tr\u1eef t\u00ecnh v\u00e0 d\u00e2n ca Vi\u1ec7t Nam<\/li>\n<li>Ch\u1ea5t li\u1ec7u g\u1ed7 Mun, m\u1eb7t\u00a0 g\u1ed7 Th\u00f4ng<\/li>\n<li>K\u00edch th\u01b0\u1edbc d\u00e0i 110cm<\/li>\n<li>C\u1ea9n\u00a0 \u1ed0c \u0111\u1eb9p t\u00edch d\u00e2n gian\u00a0 \u0110\u00e1m C\u01b0\u1edbi , Vinh Quy B\u00e1i T\u1ed5<\/li>\n<li>S\u01a1n PU b\u00f3ng m\u1edd kh\u00f4ng m\u00e0u<\/li>\n<li>T\u00edch h\u1ee3p loa, amply, bluetooth b\u00ean trong th\u00e2n \u0111\u00e0n , di\u1ec5n s\u00e2n kh\u1ea5u g\u1eafn Loa Toa . N\u1ebfu\u00a0 c\u1eafm amlpy s\u00e2n kh\u1ea5u th\u00ec ph\u1ea3i ng\u1eaft ngu\u1ed3n \u0111i\u1ec7n ho\u1eb7c mobin c\u00f3 b\u1ed9 ph\u1eadn khuy\u1ebft \u0111\u1ea1i v\u00e0 s\u1eed l\u00fd ch\u1ed1ng\u00a0 ti\u1ec1ng \u00f9<\/li>\n<li>\u0110i\u1ec7n ngu\u1ed3n 220v<\/li>\n<li>Ph\u1ee5 ki\u1ec7n: Bao \u0111\u00e0n, 2 d\u00e2y \u0111\u00e0n, 2 ph\u00edm \u0111\u00e0n , d\u00e2y c\u1ea5p ngu\u1ed3n \u0111i\u1ec7n.<\/li>\n<\/ul>\n","protected":false},"excerpt":{"rendered":"<p>B\u1ea3o h\u00e0nh 6 th\u00e1ng<\/p>\n","protected":false},"featured_media":16118,"comment_status":"open","ping_status":"closed","template":"","meta":[],"product_brand":[],"product_cat":[73,77],"product_tag":[],"class_list":{"0":"post-16117","1":"product","2":"type-product","3":"status-publish","4":"has-post-thumbnail","6":"product_cat-dan-bau","7":"product_cat-dan-bau-thung-can","9":"first","10":"instock","11":"shipping-taxable","12":"purchasable","13":"product-type-simple"},"_links":{"self":[{"href":"https:\/\/hieudanducngan.com\/index.php\/wp-json\/wp\/v2\/product\/16117","targetHints":{"allow":["GET"]}}],"collection":[{"href":"https:\/\/hieudanducngan.com\/index.php\/wp-json\/wp\/v2\/product"}],"about":[{"href":"https:\/\/hieudanducngan.com\/index.php\/wp-json\/wp\/v2\/types\/product"}],"replies":[{"embeddable":true,"href":"https:\/\/hieudanducngan.com\/index.php\/wp-json\/wp\/v2\/comments?post=16117"}],"version-history":[{"count":3,"href":"https:\/\/hieudanducngan.com\/index.php\/wp-json\/wp\/v2\/product\/16117\/revisions"}],"predecessor-version":[{"id":16405,"href":"https:\/\/hieudanducngan.com\/index.php\/wp-json\/wp\/v2\/product\/16117\/revisions\/16405"}],"wp:featuredmedia":[{"embeddable":true,"href":"https:\/\/hieudanducngan.com\/index.php\/wp-json\/wp\/v2\/media\/16118"}],"wp:attachment":[{"href":"https:\/\/hieudanducngan.com\/index.php\/wp-json\/wp\/v2\/media?parent=16117"}],"wp:term":[{"taxonomy":"product_brand","embeddable":true,"href":"https:\/\/hieudanducngan.com\/index.php\/wp-json\/wp\/v2\/product_brand?post=16117"},{"taxonomy":"product_cat","embeddable":true,"href":"https:\/\/hieudanducngan.com\/index.php\/wp-json\/wp\/v2\/product_cat?post=16117"},{"taxonomy":"product_tag","embeddable":true,"href":"https:\/\/hieudanducngan.com\/index.php\/wp-json\/wp\/v2\/product_tag?post=16117"}],"curies":[{"name":"wp","href":"https:\/\/api.w.org\/{rel}","templated":true}]}}