{"id":16359,"date":"2025-06-10T21:30:23","date_gmt":"2025-06-10T14:30:23","guid":{"rendered":"https:\/\/demo.hieudanducngan.com\/?post_type=product&#038;p=16359"},"modified":"2025-06-10T21:32:21","modified_gmt":"2025-06-10T14:32:21","slug":"violon-mastro-vn-m01a","status":"publish","type":"product","link":"https:\/\/hieudanducngan.com\/index.php\/product\/violon-mastro-vn-m01a\/","title":{"rendered":"Violon Mastro VN- M01A"},"content":{"rendered":"<p>\u0110\u00e0n Violon , nh\u1ea1c c\u1ee5 T\u00e2y ph\u01b0\u01a1ng\u00a0 s\u1eed d\u1ee5ng 4 d\u00e2y th\u00e9p , k\u00e9o cung v\u0129 \u0111u\u00f4i ng\u1ef1a . Th\u00edch h\u1ee3p cho d\u00f2ng nh\u1ea1c tr\u1eef t\u00ecnh du d\u01b0\u01a1ng, nh\u1ea1c Jazz, nh\u1ea1c Rock &#8230;<\/p>\n<p><strong>Violon\u00a0 Mastro Vn-M01A\u00a0 made in Hong Kong<\/strong><\/p>\n<p><strong>\u00a0&#8211; V\u1eadt li\u1ec7u<\/strong> : th\u00e2n \u0111\u00e0n g\u1ed7 Maple, m\u1eb7t \u0111\u00e0n g\u1ed7 Th\u00f4ng \u0111\u01b0\u1ee3c ph\u01a1i kh\u00f4 t\u1ef1 nhi\u00ean 2 n\u0103m<\/p>\n<p>Ph\u1ee5 ki\u1ec7n tr\u1ee5c \u0111\u00e0n , ng\u1ef1a \u0111\u00e0n, c\u1eb1m \u0111\u00e0n \u0111\u01b0\u1ee3c l\u00e0m b\u1eb1ng g\u1ed7 Mun<\/p>\n<p>\u0110\u00e0n violon\u00a0 th\u01b0\u01a1ng hi\u1ec7u Mastro VN-M01A \u0111\u01b0\u1ee3c l\u00e0m cho h\u1ecdc sinh m\u1edbi h\u1ecdc . \u0110\u00e0n \u0111\u01b0\u1ee3c s\u01a1n b\u00f3ng m\u1edd n\u1ed5i v\u00e2n g\u1ed7 t\u1ef1 nhi\u00ean r\u1ea5t \u0111\u1eb9p mang phong c\u00e1ch c\u1ed5 \u0111i\u1ec3n<\/p>\n<p>\u00c2m thanh\u00a0 vang ch\u1eafc \u0111\u1ec1u 4 d\u00e2y<\/p>\n","protected":false},"excerpt":{"rendered":"<p>\u0110\u00e0n Violon , nh\u1ea1c c\u1ee5 T\u00e2y ph\u01b0\u01a1ng\u00a0 s\u1eed d\u1ee5ng 4 d\u00e2y th\u00e9p , k\u00e9o cung v\u0129 \u0111u\u00f4i ng\u1ef1a . Th\u00edch<\/p>\n","protected":false},"featured_media":16326,"comment_status":"open","ping_status":"closed","template":"","meta":[],"product_brand":[],"product_cat":[120],"product_tag":[],"class_list":{"0":"post-16359","1":"product","2":"type-product","3":"status-publish","4":"has-post-thumbnail","6":"product_cat-violon-mastro-vn-m01a","8":"first","9":"instock","10":"shipping-taxable","11":"purchasable","12":"product-type-simple"},"_links":{"self":[{"href":"https:\/\/hieudanducngan.com\/index.php\/wp-json\/wp\/v2\/product\/16359","targetHints":{"allow":["GET"]}}],"collection":[{"href":"https:\/\/hieudanducngan.com\/index.php\/wp-json\/wp\/v2\/product"}],"about":[{"href":"https:\/\/hieudanducngan.com\/index.php\/wp-json\/wp\/v2\/types\/product"}],"replies":[{"embeddable":true,"href":"https:\/\/hieudanducngan.com\/index.php\/wp-json\/wp\/v2\/comments?post=16359"}],"version-history":[{"count":1,"href":"https:\/\/hieudanducngan.com\/index.php\/wp-json\/wp\/v2\/product\/16359\/revisions"}],"predecessor-version":[{"id":16360,"href":"https:\/\/hieudanducngan.com\/index.php\/wp-json\/wp\/v2\/product\/16359\/revisions\/16360"}],"wp:featuredmedia":[{"embeddable":true,"href":"https:\/\/hieudanducngan.com\/index.php\/wp-json\/wp\/v2\/media\/16326"}],"wp:attachment":[{"href":"https:\/\/hieudanducngan.com\/index.php\/wp-json\/wp\/v2\/media?parent=16359"}],"wp:term":[{"taxonomy":"product_brand","embeddable":true,"href":"https:\/\/hieudanducngan.com\/index.php\/wp-json\/wp\/v2\/product_brand?post=16359"},{"taxonomy":"product_cat","embeddable":true,"href":"https:\/\/hieudanducngan.com\/index.php\/wp-json\/wp\/v2\/product_cat?post=16359"},{"taxonomy":"product_tag","embeddable":true,"href":"https:\/\/hieudanducngan.com\/index.php\/wp-json\/wp\/v2\/product_tag?post=16359"}],"curies":[{"name":"wp","href":"https:\/\/api.w.org\/{rel}","templated":true}]}}