{"id":16366,"date":"2025-06-10T23:25:57","date_gmt":"2025-06-10T16:25:57","guid":{"rendered":"https:\/\/demo.hieudanducngan.com\/?post_type=product&#038;p=16366"},"modified":"2025-06-11T00:26:32","modified_gmt":"2025-06-10T17:26:32","slug":"violon-vn-m02","status":"publish","type":"product","link":"https:\/\/hieudanducngan.com\/index.php\/product\/violon-vn-m02\/","title":{"rendered":"Violon VN-M02"},"content":{"rendered":"<p><strong>\u00a0\u0110\u00e0n Violon Mastro VN- M02 made in Hong Kong<\/strong> , \u0111\u00e0n s\u1eed d\u1ee5ng 4 d\u00e2y th\u00e9p, cung v\u0129 k\u00e9o \u0111u\u00f4i ng\u1ef1a, th\u00edch h\u1ee3p cho d\u00f2ng nh\u1ea1c tr\u1eef t\u00ecnh du d\u01b0\u01a1ng , nh\u1ea1c Jazz, nh\u1ea1c Rock.<\/p>\n<p><strong>\u00a0&#8211; V\u00e2t li\u1ec7u<\/strong> : Th\u00e2n \u0111\u00e0n l\u00e0m t\u1eeb g\u1ed7 Maple gi\u00e0 , m\u1eb7t Th\u00f4ng \u0111\u01b0\u1ee3c ph\u01a1i kh\u00f4 t\u1ef1 nhi\u00ean 3 n\u0103m<\/p>\n<p><strong>\u00a0Ph\u1ee5 ki\u1ec7n<\/strong> : Tr\u1ee5c v\u1eb7n d\u00e2y , ng\u1ef1a \u0111\u00e0n , c\u1eb1m \u0111\u00e0n b\u1eb1ng g\u1ed7 Mun \u0111en.<\/p>\n<p><strong>\u00a0\u0110\u1eb7c \u0111i\u1ec3m<\/strong> \u0111\u00e0n\u00a0 \u0111\u01b0\u1ee3c ch\u1ebf t\u00e1c th\u1ee7 c\u00f4ng<\/p>\n<p>\u0110\u00e0n Violon Mastro VN-M02 d\u00f9ng cho h\u1ecdc sinh h\u1ecdc chuy\u00ean nghi\u1ec7p, \u0110\u00e0n \u0111\u01b0\u1ee3c\u00a0 s\u01a1n PU b\u00f3ng m\u1edd l\u00e0m n\u1ed5 b\u1eadt v\u00e2n g\u1ed7 t\u1ef1 nhi\u00ean c\u1ee7a g\u1ed7, tho\u00e1t l\u00ean v\u1ebb ngo\u00e0i\u00a0 sang tr\u1ecdng c\u1ed5 \u0111i\u1ec3n.<\/p>\n<p><strong>&#8211; \u00c2m thanh vang ch\u1eafc r\u00f5 n\u00e9t t<\/strong>\u1ea1o c\u1ea3m x\u00fac cho ng\u01b0\u1eddi nghe v\u00e0 ng\u01b0\u1eddi ch\u01a1i \u0111\u00e0n .<\/p>\n<p>&nbsp;<\/p>\n","protected":false},"excerpt":{"rendered":"<p>\u00a0\u0110\u00e0n Violon Mastro VN- M02 made in Hong Kong , \u0111\u00e0n s\u1eed d\u1ee5ng 4 d\u00e2y th\u00e9p, cung v\u0129 k\u00e9o \u0111u\u00f4i<\/p>\n","protected":false},"featured_media":16351,"comment_status":"open","ping_status":"closed","template":"","meta":[],"product_brand":[],"product_cat":[121],"product_tag":[],"class_list":{"0":"post-16366","1":"product","2":"type-product","3":"status-publish","4":"has-post-thumbnail","6":"product_cat-mastro-vn-m02","8":"first","9":"instock","10":"shipping-taxable","11":"purchasable","12":"product-type-simple"},"_links":{"self":[{"href":"https:\/\/hieudanducngan.com\/index.php\/wp-json\/wp\/v2\/product\/16366","targetHints":{"allow":["GET"]}}],"collection":[{"href":"https:\/\/hieudanducngan.com\/index.php\/wp-json\/wp\/v2\/product"}],"about":[{"href":"https:\/\/hieudanducngan.com\/index.php\/wp-json\/wp\/v2\/types\/product"}],"replies":[{"embeddable":true,"href":"https:\/\/hieudanducngan.com\/index.php\/wp-json\/wp\/v2\/comments?post=16366"}],"version-history":[{"count":3,"href":"https:\/\/hieudanducngan.com\/index.php\/wp-json\/wp\/v2\/product\/16366\/revisions"}],"predecessor-version":[{"id":16398,"href":"https:\/\/hieudanducngan.com\/index.php\/wp-json\/wp\/v2\/product\/16366\/revisions\/16398"}],"wp:featuredmedia":[{"embeddable":true,"href":"https:\/\/hieudanducngan.com\/index.php\/wp-json\/wp\/v2\/media\/16351"}],"wp:attachment":[{"href":"https:\/\/hieudanducngan.com\/index.php\/wp-json\/wp\/v2\/media?parent=16366"}],"wp:term":[{"taxonomy":"product_brand","embeddable":true,"href":"https:\/\/hieudanducngan.com\/index.php\/wp-json\/wp\/v2\/product_brand?post=16366"},{"taxonomy":"product_cat","embeddable":true,"href":"https:\/\/hieudanducngan.com\/index.php\/wp-json\/wp\/v2\/product_cat?post=16366"},{"taxonomy":"product_tag","embeddable":true,"href":"https:\/\/hieudanducngan.com\/index.php\/wp-json\/wp\/v2\/product_tag?post=16366"}],"curies":[{"name":"wp","href":"https:\/\/api.w.org\/{rel}","templated":true}]}}