{"id":16381,"date":"2025-06-10T23:54:49","date_gmt":"2025-06-10T16:54:49","guid":{"rendered":"https:\/\/demo.hieudanducngan.com\/?post_type=product&#038;p=16381"},"modified":"2025-06-11T00:25:30","modified_gmt":"2025-06-10T17:25:30","slug":"violon-mastro-vn-m03","status":"publish","type":"product","link":"https:\/\/hieudanducngan.com\/index.php\/product\/violon-mastro-vn-m03\/","title":{"rendered":"Violon Mastro VN-M03"},"content":{"rendered":"<p><strong>\u00a0\u0110\u00e0n Violon Mastro VN-M03 s\u1eed d\u1ee5ng 4 d\u00e2y th\u00e9p<\/strong> , cung vix k\u00e9o \u0111u\u00f4i ng\u1ef1a , th\u00edch h\u1ee3p v\u1edbi nhi\u1ec1u d\u00f2ng nh\u1ea1c\u00a0 tr\u1eef t\u00ecnh du d\u01b0\u01a1ng, nh\u1ea1c Jazz, nh\u1ea1c Rock&#8230;<\/p>\n<p><strong>V\u1eadt li\u1ec7u<\/strong> : Th\u00e2n \u0111\u00e0n b\u1eb1ng g\u1ed7 Maple gi\u00e0, m\u1eb7t \u0111\u00e0n b\u1eb1ng g\u1ed7 Th\u00f4ng \u0111\u01b0\u1ee3c ph\u01a1i\u00a0 kh\u00f4 t\u1ef1 nhi\u00ean 5 n\u0103m<\/p>\n<p><strong>Ph\u1ee5 ki\u1ec7n<\/strong> : Tr\u1ee5c v\u1eb7n, g\u1ed1c d\u00e2y, c\u1eb1m \u0111\u00e0n\u00a0 \u0111\u01b0\u1ee3c l\u00e0m b\u1eb1ng g\u1ed7 Mun \u0111en<\/p>\n<p><strong>\u0110\u1eb7c \u0111i\u1ec3m<\/strong> ; \u0110\u00e0n\u00a0 \u0111\u01b0\u1ee3c\u00a0 ch\u1ebf t\u00e1c th\u1ee7 c\u00f4ng<\/p>\n<p>\u0110\u00e0n Violon Mastro VN-M03 s\u1eed d\u1ee5ng lo\u1ea1i s\u01a1n h\u1ed7n h\u1ee3p v\u1edbi c\u1ed3n s\u01a1n l\u00ean ch\u1ea5t li\u1ec7u cao c\u1ea5p, n\u1ed5i b\u1eadt v\u00e2n g\u1ed7, t\u1ea1o ra \u00e2m thanh du d\u01b0\u01a1ng, \u00e2m thanh tr\u1ea7m r\u00f5 n\u00e9t . \u0110\u00e0n s\u1eed d\u1ee5ng \u0111\u1ec3 bi\u1ec3u di\u1ec5n \u0111\u1ea1t hi\u1ec7u qu\u1ea3 \u00e2m thanh r\u00f5 n\u00e9t .<\/p>\n","protected":false},"excerpt":{"rendered":"<p>\u00a0\u0110\u00e0n Violon Mastro VN-M03 s\u1eed d\u1ee5ng 4 d\u00e2y th\u00e9p , cung vix k\u00e9o \u0111u\u00f4i ng\u1ef1a , th\u00edch h\u1ee3p v\u1edbi nhi\u1ec1u<\/p>\n","protected":false},"featured_media":16369,"comment_status":"open","ping_status":"closed","template":"","meta":[],"product_brand":[],"product_cat":[122],"product_tag":[],"class_list":{"0":"post-16381","1":"product","2":"type-product","3":"status-publish","4":"has-post-thumbnail","6":"product_cat-violon-mastro-vn-m03","8":"first","9":"instock","10":"shipping-taxable","11":"purchasable","12":"product-type-simple"},"_links":{"self":[{"href":"https:\/\/hieudanducngan.com\/index.php\/wp-json\/wp\/v2\/product\/16381","targetHints":{"allow":["GET"]}}],"collection":[{"href":"https:\/\/hieudanducngan.com\/index.php\/wp-json\/wp\/v2\/product"}],"about":[{"href":"https:\/\/hieudanducngan.com\/index.php\/wp-json\/wp\/v2\/types\/product"}],"replies":[{"embeddable":true,"href":"https:\/\/hieudanducngan.com\/index.php\/wp-json\/wp\/v2\/comments?post=16381"}],"version-history":[{"count":2,"href":"https:\/\/hieudanducngan.com\/index.php\/wp-json\/wp\/v2\/product\/16381\/revisions"}],"predecessor-version":[{"id":16383,"href":"https:\/\/hieudanducngan.com\/index.php\/wp-json\/wp\/v2\/product\/16381\/revisions\/16383"}],"wp:featuredmedia":[{"embeddable":true,"href":"https:\/\/hieudanducngan.com\/index.php\/wp-json\/wp\/v2\/media\/16369"}],"wp:attachment":[{"href":"https:\/\/hieudanducngan.com\/index.php\/wp-json\/wp\/v2\/media?parent=16381"}],"wp:term":[{"taxonomy":"product_brand","embeddable":true,"href":"https:\/\/hieudanducngan.com\/index.php\/wp-json\/wp\/v2\/product_brand?post=16381"},{"taxonomy":"product_cat","embeddable":true,"href":"https:\/\/hieudanducngan.com\/index.php\/wp-json\/wp\/v2\/product_cat?post=16381"},{"taxonomy":"product_tag","embeddable":true,"href":"https:\/\/hieudanducngan.com\/index.php\/wp-json\/wp\/v2\/product_tag?post=16381"}],"curies":[{"name":"wp","href":"https:\/\/api.w.org\/{rel}","templated":true}]}}