{"id":16394,"date":"2025-06-11T00:15:16","date_gmt":"2025-06-10T17:15:16","guid":{"rendered":"https:\/\/demo.hieudanducngan.com\/?post_type=product&#038;p=16394"},"modified":"2025-06-11T00:23:58","modified_gmt":"2025-06-10T17:23:58","slug":"violon-mastro-vn-m05","status":"publish","type":"product","link":"https:\/\/hieudanducngan.com\/index.php\/product\/violon-mastro-vn-m05\/","title":{"rendered":"Violon Mastro VN-M05"},"content":{"rendered":"<p><strong>&#8211; Violon Mastro VN-M05 s\u1eed d\u1ee5ng 4 d\u00e2y th\u00e9p<\/strong>, cung v\u0129 k\u00e9o \u0111u\u00f4i ng\u1ef1a, th\u00edch ho85p v\u1edbi nhi\u1ec1u th\u1ec3 lo\u1ea1i nh\u1ea1c nh\u01b0 tr\u1eef t\u00ecnh du d\u01b0\u01a1ng,nh\u1ea1c Jazz, nh\u1ea1c Rock<\/p>\n<ul>\n<li><strong>V\u1eadt li\u00eau : Th\u00e2n \u0111\u00e0n l\u00e0m b\u1eb1ng g\u1ed7 Maple gi\u00e0 nguy\u00ean t\u1ea5m<\/strong> , m\u1eb7t \u0111\u00e0n g\u1ed7 Th\u00f4ng \u0111\u1ec3 kh\u00f4 t\u1ef1 nhi\u00ean 5 n\u0103m<\/li>\n<li><strong>\u00a0Ph\u1ee5 ki\u1ec7n<\/strong>: Tr\u1ee5c v\u1eb7n , ng\u1ef1a \u0111\u00e0n , c\u1eb1m \u0111\u00e0n b\u1eb1ng g\u1ed7 Mun, ho65o \u0111\u00e0n c\u00f3 \u0111\u1ed3ng h\u1ed3 \u0111o \u0111\u1ed9 \u1ea9m<\/li>\n<li><strong>\u00a0\u0110\u1eb7c \u0111i\u1ec3m<\/strong> : Ch\u1ebf t\u00e1c th\u1ee7 c\u00f4ng b\u1edfi nh\u1eefng ng\u01b0\u1eddi th\u1ee3 gi\u1ecfi, c\u00f4ng ngh\u1ec7 tinh x\u1ea3o. L\u1edbp s\u01a1n \u0111\u1eb7c bi\u1ec7t l\u00e0m n\u1ed5i v\u00e2n g\u1ed7 \u0111\u1eb9p,<\/li>\n<li><strong>\u00a0\u00c2m thanh m\u1ea1nh m\u1ebd<\/strong> mang \u0111\u1ebfn c\u1ea3m gi\u00e1c phong ph\u00fa s\u00e2u \u0111\u1eadm cho ng\u01b0\u1eddi nghe<\/li>\n<li>\u00a0<strong>C\u00e1c ngh\u1ec7 s\u0129 bi\u1ec3u di\u1ec5n n\u00ean ch\u1ecdn \u0111\u00e0n Violon Mastro VN-M05<\/strong> . \u0110\u00e0n s\u1eed d\u1ee5ng c\u00e0ng l\u00e2u \u00e2m thanh c\u00e0ng hay<\/li>\n<\/ul>\n<p>&nbsp;<\/p>\n","protected":false},"excerpt":{"rendered":"<p>&#8211; Violon Mastro VN-M05 s\u1eed d\u1ee5ng 4 d\u00e2y th\u00e9p, cung v\u0129 k\u00e9o \u0111u\u00f4i ng\u1ef1a, th\u00edch ho85p v\u1edbi nhi\u1ec1u th\u1ec3 lo\u1ea1i<\/p>\n","protected":false},"featured_media":16386,"comment_status":"open","ping_status":"closed","template":"","meta":[],"product_brand":[],"product_cat":[123],"product_tag":[],"class_list":{"0":"post-16394","1":"product","2":"type-product","3":"status-publish","4":"has-post-thumbnail","6":"product_cat-violon-mastro-vn-m05","8":"first","9":"instock","10":"shipping-taxable","11":"purchasable","12":"product-type-simple"},"_links":{"self":[{"href":"https:\/\/hieudanducngan.com\/index.php\/wp-json\/wp\/v2\/product\/16394","targetHints":{"allow":["GET"]}}],"collection":[{"href":"https:\/\/hieudanducngan.com\/index.php\/wp-json\/wp\/v2\/product"}],"about":[{"href":"https:\/\/hieudanducngan.com\/index.php\/wp-json\/wp\/v2\/types\/product"}],"replies":[{"embeddable":true,"href":"https:\/\/hieudanducngan.com\/index.php\/wp-json\/wp\/v2\/comments?post=16394"}],"version-history":[{"count":1,"href":"https:\/\/hieudanducngan.com\/index.php\/wp-json\/wp\/v2\/product\/16394\/revisions"}],"predecessor-version":[{"id":16395,"href":"https:\/\/hieudanducngan.com\/index.php\/wp-json\/wp\/v2\/product\/16394\/revisions\/16395"}],"wp:featuredmedia":[{"embeddable":true,"href":"https:\/\/hieudanducngan.com\/index.php\/wp-json\/wp\/v2\/media\/16386"}],"wp:attachment":[{"href":"https:\/\/hieudanducngan.com\/index.php\/wp-json\/wp\/v2\/media?parent=16394"}],"wp:term":[{"taxonomy":"product_brand","embeddable":true,"href":"https:\/\/hieudanducngan.com\/index.php\/wp-json\/wp\/v2\/product_brand?post=16394"},{"taxonomy":"product_cat","embeddable":true,"href":"https:\/\/hieudanducngan.com\/index.php\/wp-json\/wp\/v2\/product_cat?post=16394"},{"taxonomy":"product_tag","embeddable":true,"href":"https:\/\/hieudanducngan.com\/index.php\/wp-json\/wp\/v2\/product_tag?post=16394"}],"curies":[{"name":"wp","href":"https:\/\/api.w.org\/{rel}","templated":true}]}}