{"id":16409,"date":"2025-06-23T07:54:59","date_gmt":"2025-06-23T00:54:59","guid":{"rendered":"https:\/\/demo.hieudanducngan.com\/?post_type=product&#038;p=16409"},"modified":"2025-06-23T09:06:04","modified_gmt":"2025-06-23T02:06:04","slug":"dan-nguyet-go-tim-purple-heart","status":"publish","type":"product","link":"https:\/\/hieudanducngan.com\/index.php\/product\/dan-nguyet-go-tim-purple-heart\/","title":{"rendered":"\u0110\u00e0n Nguy\u1ec7t g\u1ed7 T\u00edm ( Purple Heart)"},"content":{"rendered":"<p><strong> \u0110\u00e0n Nguy\u1ec7t g\u1ed7 T\u00ecm ( Purple Heart) s\u1eed d\u1ee5ng 2 d\u00e2y nylon, \u0111\u00e0n c\u00f3 2 k\u00edch th\u01b0\u1edbc ( size 36 &amp; 39)<\/strong><\/p>\n<ul>\n<li>\u00a0Th\u00f9ng \u0111\u00e0n h\u00ecnh tr\u00f2n m\u1eb7t Ng\u00f4 \u0110\u1ed3ng , th\u00e0nh \u0111\u00e0n b\u1eb1ng g\u1ed7 Purple Heart, s\u01a1n PU b\u00f3ng m\u1edd kh\u00f4ng m\u00e0u<\/li>\n<li>\u00a0 \u0110\u00e0n\u00a0 Nguy\u1ec7t size 36 s\u1eed d\u1ee5ng d\u00e2y nylon c\u00f3 ti\u1ebft di\u1ec7n 0,6 &amp;0,8mm d\u00f9ng cho d\u00f2ng nh\u1ea1c tr\u1eef t\u00ecnh , ca Hu\u1ebf, \u0111\u00e0n Ca T\u00e0i T\u1eed (\u00a0 g\u1eafn ph\u00edm theo y\u00eau c\u1ea7u)<\/li>\n<li>\u00a0\u0110\u00e0n Nguy\u1ec7t size 39 s\u1eed d\u1ee5ng 2 d\u00e2y nylon c\u00f3 ti\u1ebft di\u1ec7n 0.7&amp;0,9mm d\u00f9ng cho h\u00e1t V\u0103n<\/li>\n<li>\u00a0<strong>Gi\u00e1 ti\u1ec1n<\/strong> : 5.000.000 VN\u0110 \u0111\u00e0n Nguy\u1ec7t size 36<\/li>\n<li>\u00a0 \u00a0 \u00a0 \u00a0 \u00a0 \u00a0 \u00a0 \u00a0 \u00a06.000.000 VN\u0110 \u0111\u00e0n Nguy\u1ec7t size 39<\/li>\n<li>Ph\u1ee5 ki\u1ec7n g\u1ed3m Bao \u0111\u00e0n , 2 ph\u00edm kh\u1ea9y , 1 b\u1ed9 d\u00e2y \u0111\u00e0n<\/li>\n<li>\u00a0<strong>B\u1ea3o h\u00e0nh<\/strong> tr\u1ee5c\u00a0 ch\u1eafc d\u1ec5 l\u00ean d\u00e2y, ph\u00edm chu\u1ea9n n\u1ed1t ( n\u1ed1t T\u00e2y) 12 th\u00e1ng<\/li>\n<\/ul>\n","protected":false},"excerpt":{"rendered":"<p>\u0110\u00e0n Nguy\u1ec7t g\u1ed7 T\u00ecm ( Purple Heart) s\u1eed d\u1ee5ng 2 d\u00e2y nylon, \u0111\u00e0n c\u00f3 2 k\u00edch th\u01b0\u1edbc ( size 36<\/p>\n","protected":false},"featured_media":16412,"comment_status":"open","ping_status":"closed","template":"","meta":[],"product_brand":[],"product_cat":[82],"product_tag":[],"class_list":{"0":"post-16409","1":"product","2":"type-product","3":"status-publish","4":"has-post-thumbnail","6":"product_cat-dan-nguyet-go-tim","8":"first","9":"instock","10":"shipping-taxable","11":"purchasable","12":"product-type-simple"},"_links":{"self":[{"href":"https:\/\/hieudanducngan.com\/index.php\/wp-json\/wp\/v2\/product\/16409","targetHints":{"allow":["GET"]}}],"collection":[{"href":"https:\/\/hieudanducngan.com\/index.php\/wp-json\/wp\/v2\/product"}],"about":[{"href":"https:\/\/hieudanducngan.com\/index.php\/wp-json\/wp\/v2\/types\/product"}],"replies":[{"embeddable":true,"href":"https:\/\/hieudanducngan.com\/index.php\/wp-json\/wp\/v2\/comments?post=16409"}],"version-history":[{"count":3,"href":"https:\/\/hieudanducngan.com\/index.php\/wp-json\/wp\/v2\/product\/16409\/revisions"}],"predecessor-version":[{"id":16418,"href":"https:\/\/hieudanducngan.com\/index.php\/wp-json\/wp\/v2\/product\/16409\/revisions\/16418"}],"wp:featuredmedia":[{"embeddable":true,"href":"https:\/\/hieudanducngan.com\/index.php\/wp-json\/wp\/v2\/media\/16412"}],"wp:attachment":[{"href":"https:\/\/hieudanducngan.com\/index.php\/wp-json\/wp\/v2\/media?parent=16409"}],"wp:term":[{"taxonomy":"product_brand","embeddable":true,"href":"https:\/\/hieudanducngan.com\/index.php\/wp-json\/wp\/v2\/product_brand?post=16409"},{"taxonomy":"product_cat","embeddable":true,"href":"https:\/\/hieudanducngan.com\/index.php\/wp-json\/wp\/v2\/product_cat?post=16409"},{"taxonomy":"product_tag","embeddable":true,"href":"https:\/\/hieudanducngan.com\/index.php\/wp-json\/wp\/v2\/product_tag?post=16409"}],"curies":[{"name":"wp","href":"https:\/\/api.w.org\/{rel}","templated":true}]}}