{"id":16470,"date":"2025-08-03T22:02:39","date_gmt":"2025-08-03T15:02:39","guid":{"rendered":"https:\/\/hieudanducngan.com\/?post_type=product&#038;p=16470"},"modified":"2025-08-03T22:17:05","modified_gmt":"2025-08-03T15:17:05","slug":"dan-sen-go-do-2","status":"publish","type":"product","link":"https:\/\/hieudanducngan.com\/index.php\/product\/dan-sen-go-do-2\/","title":{"rendered":"\u0110\u00e0n S\u1ebfn G\u00f5 \u0110\u1ecf"},"content":{"rendered":"<p>  \u0110\u00e0n S\u1ebfn c\u00f3 th\u00f9ng \u0111\u00e0n h\u00ecnh hoa Mai, \u0111\u00e0n S\u1ebfn s\u1eed d\u1ee5ng 2 d\u00e2y nylon, c\u00e1c n\u1ed1t tr\u00ean ph\u00edm \u0111\u00e0n g\u1eafn theo 7 cung \u0111\u1ec1u, \u0111\u00e0n d\u00f9ng cho nh\u1ea1c c\u1ed5,tu\u1ed3ng, c\u1ea3i l\u01b0\u01a1ng . \u0111\u00e0n ca t\u00e0i t\u1eed<br \/>\n  &#8211; Th\u00e2n \u0111\u00e0n \u0111\u01b0\u1ee3c l\u00e0m b\u1eb1ng g\u1ed7 c\u1ee9ng g\u1ed7 G\u00f5 \u0110\u1ecf hay g\u1ed7 T\u00edm Nam M\u1ef9, m\u1eb7t Ng\u00f4 \u0110\u1ed3ng nguy\u00ean t\u1ea5m<br \/>\n  &#8211; \u0110\u00e0n \u0111\u01b0\u1ee3c s\u01a1n PU b\u00f3ng m\u1edd kh\u00f4ng m\u00e0u ho\u1eb7c m\u00e0u n\u00e2u nh\u1ea1t.<\/p>\n","protected":false},"excerpt":{"rendered":"<p> \u0110\u00e0n S\u1ebfn Vi\u1ec7t Nam<br \/>\nhttps:\/\/www.youtube.com\/watch?v=4LM5N60mGSQ<\/p>\n","protected":false},"featured_media":16477,"comment_status":"open","ping_status":"closed","template":"","meta":[],"product_brand":[],"product_cat":[99],"product_tag":[],"class_list":{"0":"post-16470","1":"product","2":"type-product","3":"status-publish","4":"has-post-thumbnail","6":"product_cat-dan-sen-go-do","8":"first","9":"instock","10":"shipping-taxable","11":"purchasable","12":"product-type-simple"},"_links":{"self":[{"href":"https:\/\/hieudanducngan.com\/index.php\/wp-json\/wp\/v2\/product\/16470","targetHints":{"allow":["GET"]}}],"collection":[{"href":"https:\/\/hieudanducngan.com\/index.php\/wp-json\/wp\/v2\/product"}],"about":[{"href":"https:\/\/hieudanducngan.com\/index.php\/wp-json\/wp\/v2\/types\/product"}],"replies":[{"embeddable":true,"href":"https:\/\/hieudanducngan.com\/index.php\/wp-json\/wp\/v2\/comments?post=16470"}],"version-history":[{"count":6,"href":"https:\/\/hieudanducngan.com\/index.php\/wp-json\/wp\/v2\/product\/16470\/revisions"}],"predecessor-version":[{"id":16500,"href":"https:\/\/hieudanducngan.com\/index.php\/wp-json\/wp\/v2\/product\/16470\/revisions\/16500"}],"wp:featuredmedia":[{"embeddable":true,"href":"https:\/\/hieudanducngan.com\/index.php\/wp-json\/wp\/v2\/media\/16477"}],"wp:attachment":[{"href":"https:\/\/hieudanducngan.com\/index.php\/wp-json\/wp\/v2\/media?parent=16470"}],"wp:term":[{"taxonomy":"product_brand","embeddable":true,"href":"https:\/\/hieudanducngan.com\/index.php\/wp-json\/wp\/v2\/product_brand?post=16470"},{"taxonomy":"product_cat","embeddable":true,"href":"https:\/\/hieudanducngan.com\/index.php\/wp-json\/wp\/v2\/product_cat?post=16470"},{"taxonomy":"product_tag","embeddable":true,"href":"https:\/\/hieudanducngan.com\/index.php\/wp-json\/wp\/v2\/product_tag?post=16470"}],"curies":[{"name":"wp","href":"https:\/\/api.w.org\/{rel}","templated":true}]}}