{"id":16471,"date":"2025-08-03T21:42:48","date_gmt":"2025-08-03T14:42:48","guid":{"rendered":"https:\/\/hieudanducngan.com\/?post_type=product&#038;p=16471"},"modified":"2025-08-03T21:57:30","modified_gmt":"2025-08-03T14:57:30","slug":"dan-sen-go-do","status":"publish","type":"product","link":"https:\/\/hieudanducngan.com\/index.php\/product\/dan-sen-go-do\/","title":{"rendered":"\u0110\u00e0n S\u1ebfn  C\u1ea9n"},"content":{"rendered":"<p> \u0110\u00e0n S\u1ebfn Vi\u1ec7t Nam c\u00f3 th\u00f9ng \u0111\u00e0n h\u00ecnh hoa Mai s\u1eed d\u1ee5ng 2 d\u00e2y nylon , c\u00e1c ph\u00edm g\u1eafn theo h\u1ec7 th\u1ed1ng 7 cung \u0111\u1ec1u , \u0111\u00e0n S\u1ebfn s\u1eef d\u00f9ng trong nh\u1ea1c c\u1ed5, tu\u1ed3ng, \u0111\u00e0n ca t\u00e0i t\u1eed, c\u1ea3i l\u01b0\u01a1ng.<br \/>\n&#8211; Th\u00e2n \u0111\u00e0n \u0111\u01b0\u1ee3c l\u00e0m b\u1eb1ng g\u1ed7 c\u1ee9ng, m\u1eb7t \u0111\u00e0n b\u1eb1ng g\u1ed7 Ng\u00f4 \u0110\u1ed3ng nguy\u00ean t\u1ea5m.<br \/>\n&#8211; Th\u00e2n d\u00e0n \u0111\u01b0\u1ee3c  c\u1ea9n t\u00edch ho\u1eb7c hoa<br \/>\n&#8211; Th\u00e2n \u0111\u00e0n \u0111\u01b0\u1ee3c s\u01a1n PU b\u00f3ng m\u1edd kh\u00f4ng m\u00e0u  <\/p>\n","protected":false},"excerpt":{"rendered":"<p> \u0110\u00e0n S\u1ebfn G\u00f5 \u0110\u1ecf Vi\u1ec7t Nam<br \/>\n M\u1eddi nghe \u00e2m thanh https:\/\/www.youtube.com\/watch?v=4LM5N60mGSQ<\/p>\n","protected":false},"featured_media":16493,"comment_status":"open","ping_status":"closed","template":"","meta":[],"product_brand":[],"product_cat":[97],"product_tag":[],"class_list":{"0":"post-16471","1":"product","2":"type-product","3":"status-publish","4":"has-post-thumbnail","6":"product_cat-dan-sen-can","8":"first","9":"instock","10":"shipping-taxable","11":"purchasable","12":"product-type-simple"},"_links":{"self":[{"href":"https:\/\/hieudanducngan.com\/index.php\/wp-json\/wp\/v2\/product\/16471","targetHints":{"allow":["GET"]}}],"collection":[{"href":"https:\/\/hieudanducngan.com\/index.php\/wp-json\/wp\/v2\/product"}],"about":[{"href":"https:\/\/hieudanducngan.com\/index.php\/wp-json\/wp\/v2\/types\/product"}],"replies":[{"embeddable":true,"href":"https:\/\/hieudanducngan.com\/index.php\/wp-json\/wp\/v2\/comments?post=16471"}],"version-history":[{"count":4,"href":"https:\/\/hieudanducngan.com\/index.php\/wp-json\/wp\/v2\/product\/16471\/revisions"}],"predecessor-version":[{"id":16494,"href":"https:\/\/hieudanducngan.com\/index.php\/wp-json\/wp\/v2\/product\/16471\/revisions\/16494"}],"wp:featuredmedia":[{"embeddable":true,"href":"https:\/\/hieudanducngan.com\/index.php\/wp-json\/wp\/v2\/media\/16493"}],"wp:attachment":[{"href":"https:\/\/hieudanducngan.com\/index.php\/wp-json\/wp\/v2\/media?parent=16471"}],"wp:term":[{"taxonomy":"product_brand","embeddable":true,"href":"https:\/\/hieudanducngan.com\/index.php\/wp-json\/wp\/v2\/product_brand?post=16471"},{"taxonomy":"product_cat","embeddable":true,"href":"https:\/\/hieudanducngan.com\/index.php\/wp-json\/wp\/v2\/product_cat?post=16471"},{"taxonomy":"product_tag","embeddable":true,"href":"https:\/\/hieudanducngan.com\/index.php\/wp-json\/wp\/v2\/product_tag?post=16471"}],"curies":[{"name":"wp","href":"https:\/\/api.w.org\/{rel}","templated":true}]}}