{"id":16503,"date":"2025-08-03T22:44:14","date_gmt":"2025-08-03T15:44:14","guid":{"rendered":"https:\/\/hieudanducngan.com\/?post_type=product&#038;p=16503"},"modified":"2025-08-16T07:47:31","modified_gmt":"2025-08-16T00:47:31","slug":"dan-tranh-18-day-go-do","status":"publish","type":"product","link":"https:\/\/hieudanducngan.com\/index.php\/product\/dan-tranh-18-day-go-do\/","title":{"rendered":"\u0110\u00e0n Tranh 18 d\u00e2y G\u00f5 \u0110\u1ecf"},"content":{"rendered":"<p>  \u0110\u00e0n Tranh 18 d\u00e2y  Vi\u1ec7t Nam, s\u1eed d\u1ee5ng 18 d\u00e2y inox, l\u00ean d\u00e2y GACDE ho\u1eb7c BbCEFG, th\u00edch h\u1ee3p cho nh\u1ea1c tr\u1eef t\u00ecnh, nh\u1ea1c c\u1ed5, ca Hu\u1ebf v\u00e0 nh\u1ea1c m\u1edbi<br \/>\n &#8211; Th\u00e2n \u0111\u00e0n l\u00e0m b\u1eb1ng g\u1ed7 G\u00f5 \u0110\u1ecf, m\u1eb7t Ng\u00f4 \u0110\u1ed3ng nguy\u00ean t\u1ea5m, tr\u1ee5c, nh\u1ea1n g\u1ed7 C\u1ea9m lai<br \/>\n &#8211; S\u01a1n PU kh\u00f4ng m\u00e0u t\u1ef1 nhi\u00ean ho\u1eb7c l\u00f3p m\u00e0u n\u00e2u nh\u1ea1t<br \/>\n &#8211; B\u1ea3o h\u00e0nh tr\u1ee5c ch\u1eafc d\u1ec5 l\u00ean d\u00e2y, nh\u1ea1n v\u1eefng khi di\u1ec5n t\u1ea5u<br \/>\n &#8211; Ph\u1ee5 ki\u1ec7n: G\u1ed3m bao \u0111\u00e0n , 1bo65 d\u00e2y, 1 v\u1eb7n tr\u1ee5c, 1 b\u1ed9 m\u00f3ng, 1 ch\u1ed5i v\u1ec7 sinh, 1 c\u1eb7p tua. <\/p>\n","protected":false},"excerpt":{"rendered":"<p>\u0110\u00e0n Tranh 18 d\u00e2y Vi\u1ec7t Nam, s\u1eed d\u1ee5ng 18 d\u00e2y inox, l\u00ean d\u00e2y GACDE ho\u1eb7c BbCEFG, th\u00edch h\u1ee3p cho nh\u1ea1c<\/p>\n","protected":false},"featured_media":16504,"comment_status":"open","ping_status":"closed","template":"","meta":[],"product_brand":[],"product_cat":[130],"product_tag":[],"class_list":{"0":"post-16503","1":"product","2":"type-product","3":"status-publish","4":"has-post-thumbnail","6":"product_cat-dan-tranh-18-day","8":"first","9":"instock","10":"shipping-taxable","11":"purchasable","12":"product-type-simple"},"_links":{"self":[{"href":"https:\/\/hieudanducngan.com\/index.php\/wp-json\/wp\/v2\/product\/16503","targetHints":{"allow":["GET"]}}],"collection":[{"href":"https:\/\/hieudanducngan.com\/index.php\/wp-json\/wp\/v2\/product"}],"about":[{"href":"https:\/\/hieudanducngan.com\/index.php\/wp-json\/wp\/v2\/types\/product"}],"replies":[{"embeddable":true,"href":"https:\/\/hieudanducngan.com\/index.php\/wp-json\/wp\/v2\/comments?post=16503"}],"version-history":[{"count":2,"href":"https:\/\/hieudanducngan.com\/index.php\/wp-json\/wp\/v2\/product\/16503\/revisions"}],"predecessor-version":[{"id":16534,"href":"https:\/\/hieudanducngan.com\/index.php\/wp-json\/wp\/v2\/product\/16503\/revisions\/16534"}],"wp:featuredmedia":[{"embeddable":true,"href":"https:\/\/hieudanducngan.com\/index.php\/wp-json\/wp\/v2\/media\/16504"}],"wp:attachment":[{"href":"https:\/\/hieudanducngan.com\/index.php\/wp-json\/wp\/v2\/media?parent=16503"}],"wp:term":[{"taxonomy":"product_brand","embeddable":true,"href":"https:\/\/hieudanducngan.com\/index.php\/wp-json\/wp\/v2\/product_brand?post=16503"},{"taxonomy":"product_cat","embeddable":true,"href":"https:\/\/hieudanducngan.com\/index.php\/wp-json\/wp\/v2\/product_cat?post=16503"},{"taxonomy":"product_tag","embeddable":true,"href":"https:\/\/hieudanducngan.com\/index.php\/wp-json\/wp\/v2\/product_tag?post=16503"}],"curies":[{"name":"wp","href":"https:\/\/api.w.org\/{rel}","templated":true}]}}