{"id":16510,"date":"2025-08-04T00:03:06","date_gmt":"2025-08-03T17:03:06","guid":{"rendered":"https:\/\/hieudanducngan.com\/?post_type=product&#038;p=16510"},"modified":"2025-08-04T00:13:40","modified_gmt":"2025-08-03T17:13:40","slug":"dan-tranh-19-day-go-cam-lai","status":"publish","type":"product","link":"https:\/\/hieudanducngan.com\/index.php\/product\/dan-tranh-19-day-go-cam-lai\/","title":{"rendered":"\u0110\u00e0n Tranh 17 d\u00e2y g\u1ed7 T\u00edm c\u1ea9n"},"content":{"rendered":"<p>\u0110\u00e0n Tranh 17 d\u00e2y Vi\u1ec7t Nam, s\u1eed d\u1ee5ng  17 d\u00e2y inox, \u0111\u00e0n th\u00edch h\u1ee3p cho nhi\u1ec1u th\u1ec3 lo\u1ea1i nh\u1ea1c t\u1eeb nh\u1ea1c c\u1ed5, nh\u1ea1c tr\u1eef t\u00ecnh cho \u0111\u1ebfn nh\u1ea1c m\u1edbi trong n\u01b0\u1edbc v\u00e0 n\u01b0\u1edbc ngo\u00e0i<br \/>\n&#8211; Th\u00e2n \u0111\u00e0n \u0111\u01b0\u1ee3c l\u00e0m b\u1eb1ng g\u1ed7 T\u00edm Purple Heart Nam M\u1ef9  ( t\u1eeb th\u00e2n c\u00e2y n\u1eb7ng  \u0111\u01b0\u1eddng k\u00ednh 60-70cm  \u0111\u01b0\u1ee3c x\u1ebb ra ph\u00f4i l\u00e0m nhi\u1ec1u c\u00e2y \u0111\u00e0n cho n\u00ean \u0111\u00e0n s\u1ebd \u0111\u1eb9p v\u00e0 \u0111\u1ed3ng m\u00e0u). M\u1eb7t \u0111\u00e0n t\u1eeb th\u00e2n c\u00e2y Ng\u00f4 \u0110\u1ed3ng gi\u00e0 cho ra \u00e2m thanh \u1ea5m \u00e1p, l\u00e0m cho ng\u01b0\u1eddi ch\u01a1i c\u00f3 nhi\u1ec1u n\u0103ng l\u01b0\u1ee3ng ch\u01a1i ho\u00e0i kh\u00f4ng ch\u00e1n . \u0110\u1eb7c bi\u1ec7t \u0111\u00e0n Tranh \u0110\u1ee9c Ng\u00e2n d\u00f9ng cho thu \u00e2m r\u1ea5t t\u1ed1t kh\u00f4ng b\u1ecb t\u1ea1p \u00e2m, \u00e2m thanh ph\u00e1t ra m\u1ea1nh ch\u1eafc.<br \/>\n&#8211; Th\u00e2n \u0111\u00e0n \u0111\u1ef1c c\u1ea9n \u1ed0c \u0111\u1eb9p g\u1ed3m t\u00edch d\u00e2n gian , hoa Mai &#8230;<br \/>\n= \u0110\u00e0n \u0111\u01b0\u1ee3c s\u01a1n l\u1edbp PU b\u00f3ng m\u1edd kh\u00f4ng m\u00e0u \u0111\u1ec3 l\u1ed9 v\u00e2n g\u1ed7 C\u1ea9m lai tuy\u1ec7t \u0111\u1eb9p<br \/>\n&#8211; Ph\u1ee5 ki\u1ec7n k\u00e8m theo g\u1ed3m: bao \u0111\u00e0n, 1 v\u1eb7n tr\u1ee5c,1 b\u1ed9 m\u00f3ng, 1 c\u1eb7p tua, 1 ch\u1ed5i v\u1ec7 sinh<br \/>\n&#8211; B\u1ea3o h\u00e0nh : Tr\u1ee5c ch\u1eafc d\u1ec5 l\u00ean d\u00e2y, nh\u1ea1n v\u1eefng trong qu\u00e1 tr\u00ecnh di\u1ec5n t\u1ea5u  <\/p>\n","protected":false},"excerpt":{"rendered":"<p> \u0110\u00e0n Tranh 17 d\u00e2y g\u1ed7 T\u00edm<br \/>\nhttps:\/\/www.youtube.com\/watch?v=fgYDBF7137c<\/p>\n","protected":false},"featured_media":16529,"comment_status":"open","ping_status":"closed","template":"","meta":[],"product_brand":[],"product_cat":[132],"product_tag":[],"class_list":{"0":"post-16510","1":"product","2":"type-product","3":"status-publish","4":"has-post-thumbnail","6":"product_cat-dan-tranh-17-day-go-tim-can","8":"first","9":"instock","10":"shipping-taxable","11":"purchasable","12":"product-type-simple"},"_links":{"self":[{"href":"https:\/\/hieudanducngan.com\/index.php\/wp-json\/wp\/v2\/product\/16510","targetHints":{"allow":["GET"]}}],"collection":[{"href":"https:\/\/hieudanducngan.com\/index.php\/wp-json\/wp\/v2\/product"}],"about":[{"href":"https:\/\/hieudanducngan.com\/index.php\/wp-json\/wp\/v2\/types\/product"}],"replies":[{"embeddable":true,"href":"https:\/\/hieudanducngan.com\/index.php\/wp-json\/wp\/v2\/comments?post=16510"}],"version-history":[{"count":4,"href":"https:\/\/hieudanducngan.com\/index.php\/wp-json\/wp\/v2\/product\/16510\/revisions"}],"predecessor-version":[{"id":16531,"href":"https:\/\/hieudanducngan.com\/index.php\/wp-json\/wp\/v2\/product\/16510\/revisions\/16531"}],"wp:featuredmedia":[{"embeddable":true,"href":"https:\/\/hieudanducngan.com\/index.php\/wp-json\/wp\/v2\/media\/16529"}],"wp:attachment":[{"href":"https:\/\/hieudanducngan.com\/index.php\/wp-json\/wp\/v2\/media?parent=16510"}],"wp:term":[{"taxonomy":"product_brand","embeddable":true,"href":"https:\/\/hieudanducngan.com\/index.php\/wp-json\/wp\/v2\/product_brand?post=16510"},{"taxonomy":"product_cat","embeddable":true,"href":"https:\/\/hieudanducngan.com\/index.php\/wp-json\/wp\/v2\/product_cat?post=16510"},{"taxonomy":"product_tag","embeddable":true,"href":"https:\/\/hieudanducngan.com\/index.php\/wp-json\/wp\/v2\/product_tag?post=16510"}],"curies":[{"name":"wp","href":"https:\/\/api.w.org\/{rel}","templated":true}]}}